{"id":554,"date":"2024-07-12T19:22:25","date_gmt":"2024-07-12T19:22:25","guid":{"rendered":"https:\/\/lacuernadelciervo.com.mx\/?page_id=554"},"modified":"2025-10-05T07:38:23","modified_gmt":"2025-10-05T07:38:23","slug":"statement-fabiola-rubio","status":"publish","type":"page","link":"https:\/\/lacuernadelciervo.com.mx\/index.php\/statement-fabiola-rubio\/","title":{"rendered":"Statement Fabiola Rubio"},"content":{"rendered":"<p>[et_pb_section fb_built=\u00bb1&#8243; admin_label=\u00bbHeader\u00bb _builder_version=\u00bb4.26.0&#8243; _module_preset=\u00bbdefault\u00bb background_color=\u00bbrgba(0,0,0,0.81)\u00bb background_image=\u00bbhttps:\/\/lacuernadelciervo.com.mx\/wp-content\/uploads\/2024\/07\/108097.jpg\u00bb background_blend=\u00bbmultiply\u00bb custom_padding=\u00bb16vw||||false|false\u00bb global_colors_info=\u00bb{}\u00bb][et_pb_row _builder_version=\u00bb4.26.0&#8243; _module_preset=\u00bbdefault\u00bb custom_margin=\u00bb-228px|auto||auto||\u00bb global_colors_info=\u00bb{}\u00bb custom_padding=\u00bb||95px|31px||\u00bb][et_pb_column type=\u00bb4_4&#8243; _builder_version=\u00bb4.26.0&#8243; _module_preset=\u00bbdefault\u00bb global_colors_info=\u00bb{}\u00bb][et_pb_image src=\u00bbhttps:\/\/lacuernadelciervo.com.mx\/wp-content\/uploads\/2024\/07\/WhatsApp-Image-2024-07-10-at-9.07.02-AM-1.jpeg\u00bb title_text=\u00bbWhatsApp Image 2024-07-10 at 9.07.02 AM (1)\u00bb align=\u00bbcenter\u00bb _builder_version=\u00bb4.26.0&#8243; _module_preset=\u00bbdefault\u00bb width=\u00bb31%\u00bb scroll_rotating_enable=\u00bbon\u00bb scroll_rotating=\u00bb0|72|72|100|90|0|0&#8243; global_colors_info=\u00bb{}\u00bb][\/et_pb_image][\/et_pb_column][\/et_pb_row][et_pb_row column_structure=\u00bb1_2,1_2&#8243; _builder_version=\u00bb4.26.0&#8243; _module_preset=\u00bbdefault\u00bb animation_style=\u00bbfade\u00bb global_colors_info=\u00bb{}\u00bb][et_pb_column type=\u00bb1_2&#8243; _builder_version=\u00bb4.16&#8243; _module_preset=\u00bbdefault\u00bb custom_padding=\u00bb||||false|false\u00bb global_colors_info=\u00bb{}\u00bb][et_pb_text _builder_version=\u00bb4.26.0&#8243; _module_preset=\u00bbdefault\u00bb text_text_color=\u00bb#FFFFFF\u00bb text_line_height=\u00bb2em\u00bb locked=\u00bboff\u00bb global_colors_info=\u00bb{}\u00bb]<\/p>\n<p style=\"text-align: justify;\">\u00abCr\u00e1neos y Huesos en el Arte\u00bb te invita a sumergirte en un viaje fascinante hacia lo m\u00edstico y lo enigm\u00e1tico, donde como artista pl\u00e1stica, mi objetivo es darle vida a lo que una vez fue parte del ser de cada animal.<\/p>\n<p style=\"text-align: justify;\">A trav\u00e9s de mi visi\u00f3n, quiero transmitir la importancia y la belleza que se encuentra en los cr\u00e1neos de animales, present\u00e1ndolos como elementos cargados de significado y conexi\u00f3n con nuestras ra\u00edces m\u00e1s profundas.<\/p>\n<p style=\"text-align: justify;\">Exploraremos la diversidad de t\u00e9cnicas utilizadas para resaltar la naturaleza m\u00edstica de estos cr\u00e1neos. Todas las piezas son reales. Mediante el uso de aerosol, vitromosaico, huichol, blanqueado de hueso, cuarzos, piel sint\u00e9tica y una variedad de materiales, fusiono mi habilidad t\u00e9cnica con la esencia intr\u00ednseca de cada cr\u00e1neo y hueso, transform\u00e1ndolos en obras de arte \u00fanicas que trascienden el tiempo y el espacio.<\/p>\n<p style=\"text-align: justify;\">Los cuarzos desempe\u00f1an un papel crucial en mi arte, agregando propiedades energ\u00e9ticas y simbolismo a mis obras. M\u00e1s all\u00e1 de su valor est\u00e9tico, cada cuarzo se selecciona con cuidado para equilibrar y potenciar las energ\u00edas presentes en cada pieza, proporcionando una dimensi\u00f3n adicional de significado y profundidad a mi obra.<\/p>\n<p style=\"text-align: justify;\">[\/et_pb_text][\/et_pb_column][et_pb_column type=\u00bb1_2&#8243; _builder_version=\u00bb4.16&#8243; _module_preset=\u00bbdefault\u00bb global_colors_info=\u00bb{}\u00bb][et_pb_text _builder_version=\u00bb4.26.0&#8243; _module_preset=\u00bbdefault\u00bb text_text_color=\u00bb#FFFFFF\u00bb text_line_height=\u00bb2em\u00bb locked=\u00bboff\u00bb global_colors_info=\u00bb{}\u00bb]<\/p>\n<p style=\"text-align: justify;\">En cada pieza, se revela una narrativa cautivadora que evoca un sentido de conexi\u00f3n ancestral con el reino animal. Los cr\u00e1neos y huesos que una vez estuvieron llenos de vida, ahora renacen a trav\u00e9s de mi talento y visi\u00f3n art\u00edstica. Cada obra es un testimonio del poder y la presencia que estos elementos atesoran, as\u00ed como una invitaci\u00f3n a explorar nuestras propias conexiones con la naturaleza y el misticismo.<\/p>\n<p style=\"text-align: justify;\">\u00abCr\u00e1neos y Huesos en el Arte\u00bb nos invita a reflexionar sobre la belleza ef\u00edmera de la vida y la trascendencia de la muerte, record\u00e1ndonos que, incluso en la muerte, hay una magia que sigue latiendo en cada fragmento de los seres vivos.<\/p>\n<p style=\"text-align: justify;\">Los invito a sumergirse en este viaje \u00fanico, donde el arte se fusiona con lo ancestral y lo espiritual, y descubrir c\u00f3mo los cr\u00e1neos y huesos de animales se transforman en s\u00edmbolos de fuerza, sabidur\u00eda y conexi\u00f3n con el pasado.<\/p>\n<p>[\/et_pb_text][\/et_pb_column][\/et_pb_row][\/et_pb_section]<\/p>\n","protected":false},"excerpt":{"rendered":"<p>\u00abCr\u00e1neos y Huesos en el Arte\u00bb te invita a sumergirte en un viaje fascinante hacia lo m\u00edstico y lo enigm\u00e1tico, donde como artista pl\u00e1stica, mi objetivo es darle vida a lo que una vez fue parte del ser de cada animal. A trav\u00e9s de mi visi\u00f3n, quiero transmitir la importancia y la belleza que se [&hellip;]<\/p>\n","protected":false},"author":1,"featured_media":0,"parent":0,"menu_order":0,"comment_status":"closed","ping_status":"closed","template":"","meta":{"_et_pb_use_builder":"on","_et_pb_old_content":"","_et_gb_content_width":"","footnotes":""},"class_list":["post-554","page","type-page","status-publish","hentry"],"_hostinger_reach_plugin_has_subscription_block":false,"_hostinger_reach_plugin_is_elementor":false,"_links":{"self":[{"href":"https:\/\/lacuernadelciervo.com.mx\/index.php\/wp-json\/wp\/v2\/pages\/554","targetHints":{"allow":["GET"]}}],"collection":[{"href":"https:\/\/lacuernadelciervo.com.mx\/index.php\/wp-json\/wp\/v2\/pages"}],"about":[{"href":"https:\/\/lacuernadelciervo.com.mx\/index.php\/wp-json\/wp\/v2\/types\/page"}],"author":[{"embeddable":true,"href":"https:\/\/lacuernadelciervo.com.mx\/index.php\/wp-json\/wp\/v2\/users\/1"}],"replies":[{"embeddable":true,"href":"https:\/\/lacuernadelciervo.com.mx\/index.php\/wp-json\/wp\/v2\/comments?post=554"}],"version-history":[{"count":10,"href":"https:\/\/lacuernadelciervo.com.mx\/index.php\/wp-json\/wp\/v2\/pages\/554\/revisions"}],"predecessor-version":[{"id":905,"href":"https:\/\/lacuernadelciervo.com.mx\/index.php\/wp-json\/wp\/v2\/pages\/554\/revisions\/905"}],"wp:attachment":[{"href":"https:\/\/lacuernadelciervo.com.mx\/index.php\/wp-json\/wp\/v2\/media?parent=554"}],"curies":[{"name":"wp","href":"https:\/\/api.w.org\/{rel}","templated":true}]}}