{"id":158,"date":"2024-07-10T22:24:14","date_gmt":"2024-07-10T22:24:14","guid":{"rendered":"https:\/\/lacuernadelciervo.com.mx\/?post_type=product&#038;p=158"},"modified":"2024-08-28T22:31:39","modified_gmt":"2024-08-28T22:31:39","slug":"chispa-radiante","status":"publish","type":"product","link":"https:\/\/lacuernadelciervo.com.mx\/index.php\/producto\/chispa-radiante\/","title":{"rendered":"Chispa Radiante"},"content":{"rendered":"<p>Cr\u00e1neo de Caballo<br \/>\nT\u00e9cnica: Mixta<br \/>\nMateriales: Aerosol y pintura acr\u00edlica<br \/>\nDimensiones: 17 x 24 x 58 cm<br \/>\nPeso: 1.1 kg<br \/>\nFolio: LCA-122<br \/>\nA\u00f1o: 2023<br \/>\nColecci\u00f3n: \u00abNe\u00f3n Vibrante\u00bb<br \/>\nSignificado de obra: Esta obra representa la energ\u00eda vital y la conexi\u00f3n con la naturaleza. El nombre de la obra, \u00abChispa Radiante,\u00bb sugiere una chispa de luz y energ\u00eda intensa. \u00abChispa\u00bb evoca la idea de una peque\u00f1a pero poderosa manifestaci\u00f3n de energ\u00eda, mientras que \u00abRadiante\u00bb sugiere brillo y resplandor. En conjunto, esta obra representa la idea de una energ\u00eda espiritual, poderosa y luminosa. De igual forma, es interpretada como un recordatorio de que la espiritualidad es una fuente de energ\u00eda y vitalidad en la vida, y simboliza la fuerza que proviene de la conexi\u00f3n con la naturaleza y la capacidad de transformaci\u00f3n que existe en lo m\u00e1s profundo de nosotros mismos.<br \/>\nParticipaci\u00f3n en: 2023 Exposici\u00f3n Individual \u201cResonancia Ancestral: Cr\u00e1neos y Huesos en el Arte\u201c, Centro Cultural \u201cLa P\u00e9rgola\u201c, San Nicol\u00e1s de los Garza, Nuevo Le\u00f3n.<br \/>\nPieza \u00fanica<\/p>\n<p>&nbsp;<\/p>\n","protected":false},"excerpt":{"rendered":"<p>Cr\u00e1neo de Caballo T\u00e9cnica: Mixta Materiales: Aerosol y pintura acr\u00edlica Dimensiones: 17 x 24 x 58 cm Peso: 1.1 kg Folio: LCA-122 A\u00f1o: 2023 Colecci\u00f3n: \u00abNe\u00f3n Vibrante\u00bb Significado de obra: Esta obra representa la energ\u00eda vital y la conexi\u00f3n con la naturaleza. El nombre de la obra, \u00abChispa Radiante,\u00bb sugiere una chispa de luz y [&hellip;]<\/p>\n","protected":false},"featured_media":89,"comment_status":"open","ping_status":"closed","template":"","meta":{"_et_pb_use_builder":"","_et_pb_old_content":"","_et_gb_content_width":""},"product_brand":[],"product_cat":[20],"product_tag":[],"class_list":{"0":"post-158","1":"product","2":"type-product","3":"status-publish","4":"has-post-thumbnail","6":"product_cat-20","8":"first","9":"instock","10":"shipping-taxable","11":"product-type-simple"},"_links":{"self":[{"href":"https:\/\/lacuernadelciervo.com.mx\/index.php\/wp-json\/wp\/v2\/product\/158","targetHints":{"allow":["GET"]}}],"collection":[{"href":"https:\/\/lacuernadelciervo.com.mx\/index.php\/wp-json\/wp\/v2\/product"}],"about":[{"href":"https:\/\/lacuernadelciervo.com.mx\/index.php\/wp-json\/wp\/v2\/types\/product"}],"replies":[{"embeddable":true,"href":"https:\/\/lacuernadelciervo.com.mx\/index.php\/wp-json\/wp\/v2\/comments?post=158"}],"wp:featuredmedia":[{"embeddable":true,"href":"https:\/\/lacuernadelciervo.com.mx\/index.php\/wp-json\/wp\/v2\/media\/89"}],"wp:attachment":[{"href":"https:\/\/lacuernadelciervo.com.mx\/index.php\/wp-json\/wp\/v2\/media?parent=158"}],"wp:term":[{"taxonomy":"product_brand","embeddable":true,"href":"https:\/\/lacuernadelciervo.com.mx\/index.php\/wp-json\/wp\/v2\/product_brand?post=158"},{"taxonomy":"product_cat","embeddable":true,"href":"https:\/\/lacuernadelciervo.com.mx\/index.php\/wp-json\/wp\/v2\/product_cat?post=158"},{"taxonomy":"product_tag","embeddable":true,"href":"https:\/\/lacuernadelciervo.com.mx\/index.php\/wp-json\/wp\/v2\/product_tag?post=158"}],"curies":[{"name":"wp","href":"https:\/\/api.w.org\/{rel}","templated":true}]}}