{"id":168,"date":"2024-07-10T22:47:26","date_gmt":"2024-07-10T22:47:26","guid":{"rendered":"https:\/\/lacuernadelciervo.com.mx\/?post_type=product&#038;p=168"},"modified":"2024-07-11T18:12:40","modified_gmt":"2024-07-11T18:12:40","slug":"gamma-velorum","status":"publish","type":"product","link":"https:\/\/lacuernadelciervo.com.mx\/index.php\/producto\/gamma-velorum\/","title":{"rendered":"Gamma Velorum"},"content":{"rendered":"<p>Cr\u00e1neo de Cocodrilo<br \/>\nT\u00e9cnica: Blanqueado de hueso<br \/>\nMateriales: Pintura acr\u00edlica<br \/>\nDimensiones: 14 x 22 x 40 cm<br \/>\nPeso: 1.2 kg<br \/>\nFolio: LCA-115<br \/>\nA\u00f1o: 2023<br \/>\nColecci\u00f3n: \u00abNe\u00f3n Vibrante\u00bb<br \/>\nSignificado de obra: El cocodrilo es un animal que se asocia con la fuerza, la astucia y la supervivencia. Su cr\u00e1neo representa la idea de enfrentar desaf\u00edos y superar obst\u00e1culos en el camino espiritual. La t\u00e9cnica de blanqueado de hueso representa la b\u00fasqueda de la verdad espiritual y la eliminaci\u00f3n de lo superfluo para llegar a la esencia. El color rosa se asocia con la energ\u00eda, la vitalidad y la pasi\u00f3n. \u00abGamma Velorum\u00bb se refiere a una estrella en la constelaci\u00f3n de Velorum, que es una constelaci\u00f3n en el hemisferio celestial sur. Las estrellas en la mitolog\u00eda se asocian con la espiritualidad y la gu\u00eda. El nombre de esta obra representa una gu\u00eda o una influencia espiritual.<br \/>\nParticipaci\u00f3n en: 2023 Exposici\u00f3n Individual \u201cResonancia Ancestral: Cr\u00e1neos y Huesos en el Arte\u201c, Centro Cultural \u201cLa P\u00e9rgola\u201c, San Nicol\u00e1s de los Garza, Nuevo Le\u00f3n.<br \/>\nPieza \u00fanica<\/p>\n","protected":false},"excerpt":{"rendered":"<p>Cr\u00e1neo de Cocodrilo T\u00e9cnica: Blanqueado de hueso Materiales: Pintura acr\u00edlica Dimensiones: 14 x 22 x 40 cm Peso: 1.2 kg Folio: LCA-115 A\u00f1o: 2023 Colecci\u00f3n: \u00abNe\u00f3n Vibrante\u00bb Significado de obra: El cocodrilo es un animal que se asocia con la fuerza, la astucia y la supervivencia. Su cr\u00e1neo representa la idea de enfrentar desaf\u00edos y [&hellip;]<\/p>\n","protected":false},"featured_media":126,"comment_status":"open","ping_status":"closed","template":"","meta":{"_et_pb_use_builder":"","_et_pb_old_content":"","_et_gb_content_width":""},"product_brand":[],"product_cat":[20],"product_tag":[],"class_list":{"0":"post-168","1":"product","2":"type-product","3":"status-publish","4":"has-post-thumbnail","6":"product_cat-20","8":"first","9":"instock","10":"shipping-taxable","11":"product-type-simple"},"_links":{"self":[{"href":"https:\/\/lacuernadelciervo.com.mx\/index.php\/wp-json\/wp\/v2\/product\/168","targetHints":{"allow":["GET"]}}],"collection":[{"href":"https:\/\/lacuernadelciervo.com.mx\/index.php\/wp-json\/wp\/v2\/product"}],"about":[{"href":"https:\/\/lacuernadelciervo.com.mx\/index.php\/wp-json\/wp\/v2\/types\/product"}],"replies":[{"embeddable":true,"href":"https:\/\/lacuernadelciervo.com.mx\/index.php\/wp-json\/wp\/v2\/comments?post=168"}],"wp:featuredmedia":[{"embeddable":true,"href":"https:\/\/lacuernadelciervo.com.mx\/index.php\/wp-json\/wp\/v2\/media\/126"}],"wp:attachment":[{"href":"https:\/\/lacuernadelciervo.com.mx\/index.php\/wp-json\/wp\/v2\/media?parent=168"}],"wp:term":[{"taxonomy":"product_brand","embeddable":true,"href":"https:\/\/lacuernadelciervo.com.mx\/index.php\/wp-json\/wp\/v2\/product_brand?post=168"},{"taxonomy":"product_cat","embeddable":true,"href":"https:\/\/lacuernadelciervo.com.mx\/index.php\/wp-json\/wp\/v2\/product_cat?post=168"},{"taxonomy":"product_tag","embeddable":true,"href":"https:\/\/lacuernadelciervo.com.mx\/index.php\/wp-json\/wp\/v2\/product_tag?post=168"}],"curies":[{"name":"wp","href":"https:\/\/api.w.org\/{rel}","templated":true}]}}