{"id":179,"date":"2024-07-10T23:29:14","date_gmt":"2024-07-10T23:29:14","guid":{"rendered":"https:\/\/lacuernadelciervo.com.mx\/?post_type=product&#038;p=179"},"modified":"2024-07-11T18:48:57","modified_gmt":"2024-07-11T18:48:57","slug":"belleza-inigualable","status":"publish","type":"product","link":"https:\/\/lacuernadelciervo.com.mx\/index.php\/producto\/belleza-inigualable\/","title":{"rendered":"Belleza Inigualable"},"content":{"rendered":"<p>Colecci\u00f3n: \u00abLa Pureza de los Huesos\u00bb<br \/>\nEsqueleto: V\u00edbora de Cascabel<br \/>\nT\u00e9cnica: Blanqueado de hueso<br \/>\nPeso: 21 g<br \/>\nFolio: LCA-108<br \/>\nA\u00f1o: 2023<br \/>\nSignificado de obra: La v\u00edbora de cascabel es conocida por su cascabel, que emite un sonido caracter\u00edstico cuando la serpiente se siente amenazada. Este sonido puede ser interpretado simb\u00f3licamente como un recordatorio de la importancia de la atenci\u00f3n plena y la conciencia en la vida. En este contexto, la obra invita a los espectadores a ser conscientes de la belleza y la maravilla que se encuentra en la naturaleza y en la experiencia humana, y a apreciar cada momento, ya que todo es ef\u00edmero.<br \/>\nParticipaci\u00f3n en: 2023 Exposici\u00f3n Individual \u201cResonancia Ancestral: Cr\u00e1neos y Huesos en el Arte\u201c, Centro Cultural \u201cLa P\u00e9rgola\u201c, San Nicol\u00e1s de los Garza, Nuevo Le\u00f3n.<br \/>\nPieza \u00fanica<\/p>\n","protected":false},"excerpt":{"rendered":"<p>Colecci\u00f3n: \u00abLa Pureza de los Huesos\u00bb Esqueleto: V\u00edbora de Cascabel T\u00e9cnica: Blanqueado de hueso Peso: 21 g Folio: LCA-108 A\u00f1o: 2023 Significado de obra: La v\u00edbora de cascabel es conocida por su cascabel, que emite un sonido caracter\u00edstico cuando la serpiente se siente amenazada. Este sonido puede ser interpretado simb\u00f3licamente como un recordatorio de la [&hellip;]<\/p>\n","protected":false},"featured_media":77,"comment_status":"open","ping_status":"closed","template":"","meta":{"_et_pb_use_builder":"","_et_pb_old_content":"","_et_gb_content_width":""},"product_brand":[],"product_cat":[20],"product_tag":[],"class_list":{"0":"post-179","1":"product","2":"type-product","3":"status-publish","4":"has-post-thumbnail","6":"product_cat-20","8":"first","9":"instock","10":"shipping-taxable","11":"product-type-simple"},"_links":{"self":[{"href":"https:\/\/lacuernadelciervo.com.mx\/index.php\/wp-json\/wp\/v2\/product\/179","targetHints":{"allow":["GET"]}}],"collection":[{"href":"https:\/\/lacuernadelciervo.com.mx\/index.php\/wp-json\/wp\/v2\/product"}],"about":[{"href":"https:\/\/lacuernadelciervo.com.mx\/index.php\/wp-json\/wp\/v2\/types\/product"}],"replies":[{"embeddable":true,"href":"https:\/\/lacuernadelciervo.com.mx\/index.php\/wp-json\/wp\/v2\/comments?post=179"}],"wp:featuredmedia":[{"embeddable":true,"href":"https:\/\/lacuernadelciervo.com.mx\/index.php\/wp-json\/wp\/v2\/media\/77"}],"wp:attachment":[{"href":"https:\/\/lacuernadelciervo.com.mx\/index.php\/wp-json\/wp\/v2\/media?parent=179"}],"wp:term":[{"taxonomy":"product_brand","embeddable":true,"href":"https:\/\/lacuernadelciervo.com.mx\/index.php\/wp-json\/wp\/v2\/product_brand?post=179"},{"taxonomy":"product_cat","embeddable":true,"href":"https:\/\/lacuernadelciervo.com.mx\/index.php\/wp-json\/wp\/v2\/product_cat?post=179"},{"taxonomy":"product_tag","embeddable":true,"href":"https:\/\/lacuernadelciervo.com.mx\/index.php\/wp-json\/wp\/v2\/product_tag?post=179"}],"curies":[{"name":"wp","href":"https:\/\/api.w.org\/{rel}","templated":true}]}}