{"id":371,"date":"2024-07-12T00:26:57","date_gmt":"2024-07-12T00:26:57","guid":{"rendered":"https:\/\/lacuernadelciervo.com.mx\/?post_type=product&#038;p=371"},"modified":"2024-08-28T21:16:36","modified_gmt":"2024-08-28T21:16:36","slug":"coqueta","status":"publish","type":"product","link":"https:\/\/lacuernadelciervo.com.mx\/index.php\/producto\/coqueta\/","title":{"rendered":"Coqueta"},"content":{"rendered":"<p>Cr\u00e1neo de jabal\u00ed<br \/>\nT\u00e9cnica: Mixta<br \/>\nMateriales: Aerosol, brillantina, cuarzo, espejo, flores sint\u00e9ticas, serie de mini luces<br \/>\nDimensiones: 20 x 17 x 25 cm<br \/>\nPeso: 1.8 kg<br \/>\nFolio: LCA-101<br \/>\nA\u00f1o: 2022<br \/>\nColecci\u00f3n: \u00abLa Magia de los Cuarzos\u00bb<br \/>\nSignificado de la obra: El jabal\u00ed como animal espiritual nos invita a explorar nuestro lado m\u00e1s salvaje y a descubrir la sabidur\u00eda que reside en nuestra conexi\u00f3n con la naturaleza. Las cualidades del jabal\u00ed son la fuerza en lo desconocido, la autenticidad y encarar los desaf\u00edos de la vida con valent\u00eda y pasi\u00f3n. Los espejos, al mostrar nuestro propio reflejo, simbolizan la capacidad de reflejar nuestra verdadera naturaleza interior. Se asocian con la autoevaluaci\u00f3n, la introspecci\u00f3n y la b\u00fasqueda de la verdad dentro de uno mismo. Los cuarzos simbolizan la claridad y la pureza. Se asocian con la b\u00fasqueda de la verdad, la limpieza espiritual y la eliminaci\u00f3n de obst\u00e1culos que puedan nublar el pensamiento o el esp\u00edritu.<br \/>\nParticipaci\u00f3n en:<br \/>\n2022 Feria de Arte \u00abNoreste Art Fair\u00bb, Akadem, San Pedro Garza Garc\u00eda, Nuevo Le\u00f3n, M\u00e9xico, 2023 Exposici\u00f3n Individual \u201cResonancia Ancestral: Cr\u00e1neos y Huesos en el Arte\u201c, Centro Cultural \u201cLa P\u00e9rgola\u201c, San Nicol\u00e1s de los Garza, Nuevo Le\u00f3n.<br \/>\nPieza \u00fanica<\/p>\n","protected":false},"excerpt":{"rendered":"<p>Cr\u00e1neo de jabal\u00ed T\u00e9cnica: Mixta Materiales: Aerosol, brillantina, cuarzo, espejo, flores sint\u00e9ticas, serie de mini luces Dimensiones: 20 x 17 x 25 cm Peso: 1.8 kg Folio: LCA-101 A\u00f1o: 2022 Colecci\u00f3n: \u00abLa Magia de los Cuarzos\u00bb Significado de la obra: El jabal\u00ed como animal espiritual nos invita a explorar nuestro lado m\u00e1s salvaje y a [&hellip;]<\/p>\n","protected":false},"featured_media":359,"comment_status":"open","ping_status":"closed","template":"","meta":{"_et_pb_use_builder":"","_et_pb_old_content":"","_et_gb_content_width":""},"product_brand":[],"product_cat":[19],"product_tag":[],"class_list":{"0":"post-371","1":"product","2":"type-product","3":"status-publish","4":"has-post-thumbnail","6":"product_cat-19","8":"first","9":"instock","10":"shipping-taxable","11":"product-type-simple"},"_links":{"self":[{"href":"https:\/\/lacuernadelciervo.com.mx\/index.php\/wp-json\/wp\/v2\/product\/371","targetHints":{"allow":["GET"]}}],"collection":[{"href":"https:\/\/lacuernadelciervo.com.mx\/index.php\/wp-json\/wp\/v2\/product"}],"about":[{"href":"https:\/\/lacuernadelciervo.com.mx\/index.php\/wp-json\/wp\/v2\/types\/product"}],"replies":[{"embeddable":true,"href":"https:\/\/lacuernadelciervo.com.mx\/index.php\/wp-json\/wp\/v2\/comments?post=371"}],"wp:featuredmedia":[{"embeddable":true,"href":"https:\/\/lacuernadelciervo.com.mx\/index.php\/wp-json\/wp\/v2\/media\/359"}],"wp:attachment":[{"href":"https:\/\/lacuernadelciervo.com.mx\/index.php\/wp-json\/wp\/v2\/media?parent=371"}],"wp:term":[{"taxonomy":"product_brand","embeddable":true,"href":"https:\/\/lacuernadelciervo.com.mx\/index.php\/wp-json\/wp\/v2\/product_brand?post=371"},{"taxonomy":"product_cat","embeddable":true,"href":"https:\/\/lacuernadelciervo.com.mx\/index.php\/wp-json\/wp\/v2\/product_cat?post=371"},{"taxonomy":"product_tag","embeddable":true,"href":"https:\/\/lacuernadelciervo.com.mx\/index.php\/wp-json\/wp\/v2\/product_tag?post=371"}],"curies":[{"name":"wp","href":"https:\/\/api.w.org\/{rel}","templated":true}]}}