{"id":454,"date":"2024-07-12T04:50:26","date_gmt":"2024-07-12T04:50:26","guid":{"rendered":"https:\/\/lacuernadelciervo.com.mx\/?post_type=product&#038;p=454"},"modified":"2024-08-28T20:47:46","modified_gmt":"2024-08-28T20:47:46","slug":"verde-vida","status":"publish","type":"product","link":"https:\/\/lacuernadelciervo.com.mx\/index.php\/producto\/verde-vida\/","title":{"rendered":"Verde Vida"},"content":{"rendered":"<p>Cr\u00e1neo de toro<br \/>\nT\u00e9cnica: Mixta<br \/>\nMateriales: Aerosol y lazo<br \/>\nDimensiones: 53 x 51 x 34 cm<br \/>\nPeso: 1.5 kg<br \/>\nFolio: LCA-098<br \/>\nA\u00f1o: 2022<br \/>\nColecci\u00f3n: \u00abEl Arte de la Transcendencia\u00bb<br \/>\nSignificado de la obra: Esta obra fusiona el simbolismo del cr\u00e1neo de toro con la vitalidad representada por el color verde y la riqueza simb\u00f3lica de la cornamenta dorada y el lazo. Celebra la vida y la vitalidad a trav\u00e9s del simbolismo del cr\u00e1neo de toro, un s\u00edmbolo de fuerza y poder. El color verde representa la naturaleza, el crecimiento y la renovaci\u00f3n, sugiriendo una conexi\u00f3n profunda con la vida y la energ\u00eda de la tierra.<br \/>\nParticipaci\u00f3n en:<br \/>\n2022 Feria de Arte \u00abNoreste Art Fair\u00bb, Akadem, San Pedro Garza Garc\u00eda, Nuevo Le\u00f3n, M\u00e9xico, 2023 Exposici\u00f3n Individual \u201cResonancia Ancestral: Cr\u00e1neos y Huesos en el Arte\u201c, Centro Cultural \u201cLa P\u00e9rgola\u201c, San Nicol\u00e1s de los Garza, Nuevo Le\u00f3n.<br \/>\nPieza \u00fanica<\/p>\n","protected":false},"excerpt":{"rendered":"<p>Cr\u00e1neo de toro T\u00e9cnica: Mixta Materiales: Aerosol y lazo Dimensiones: 53 x 51 x 34 cm Peso: 1.5 kg Folio: LCA-098 A\u00f1o: 2022 Colecci\u00f3n: \u00abEl Arte de la Transcendencia\u00bb Significado de la obra: Esta obra fusiona el simbolismo del cr\u00e1neo de toro con la vitalidad representada por el color verde y la riqueza simb\u00f3lica de [&hellip;]<\/p>\n","protected":false},"featured_media":456,"comment_status":"open","ping_status":"closed","template":"","meta":{"_et_pb_use_builder":"","_et_pb_old_content":"","_et_gb_content_width":""},"product_brand":[],"product_cat":[19],"product_tag":[],"class_list":{"0":"post-454","1":"product","2":"type-product","3":"status-publish","4":"has-post-thumbnail","6":"product_cat-19","8":"first","9":"instock","10":"shipping-taxable","11":"product-type-simple"},"_links":{"self":[{"href":"https:\/\/lacuernadelciervo.com.mx\/index.php\/wp-json\/wp\/v2\/product\/454","targetHints":{"allow":["GET"]}}],"collection":[{"href":"https:\/\/lacuernadelciervo.com.mx\/index.php\/wp-json\/wp\/v2\/product"}],"about":[{"href":"https:\/\/lacuernadelciervo.com.mx\/index.php\/wp-json\/wp\/v2\/types\/product"}],"replies":[{"embeddable":true,"href":"https:\/\/lacuernadelciervo.com.mx\/index.php\/wp-json\/wp\/v2\/comments?post=454"}],"wp:featuredmedia":[{"embeddable":true,"href":"https:\/\/lacuernadelciervo.com.mx\/index.php\/wp-json\/wp\/v2\/media\/456"}],"wp:attachment":[{"href":"https:\/\/lacuernadelciervo.com.mx\/index.php\/wp-json\/wp\/v2\/media?parent=454"}],"wp:term":[{"taxonomy":"product_brand","embeddable":true,"href":"https:\/\/lacuernadelciervo.com.mx\/index.php\/wp-json\/wp\/v2\/product_brand?post=454"},{"taxonomy":"product_cat","embeddable":true,"href":"https:\/\/lacuernadelciervo.com.mx\/index.php\/wp-json\/wp\/v2\/product_cat?post=454"},{"taxonomy":"product_tag","embeddable":true,"href":"https:\/\/lacuernadelciervo.com.mx\/index.php\/wp-json\/wp\/v2\/product_tag?post=454"}],"curies":[{"name":"wp","href":"https:\/\/api.w.org\/{rel}","templated":true}]}}