{"id":462,"date":"2024-07-12T04:54:05","date_gmt":"2024-07-12T04:54:05","guid":{"rendered":"https:\/\/lacuernadelciervo.com.mx\/?post_type=product&#038;p=462"},"modified":"2024-08-28T20:47:03","modified_gmt":"2024-08-28T20:47:03","slug":"buena-vibra","status":"publish","type":"product","link":"https:\/\/lacuernadelciervo.com.mx\/index.php\/producto\/buena-vibra\/","title":{"rendered":"Buena Vibra"},"content":{"rendered":"<p>Cr\u00e1neo de jabal\u00ed<br \/>\nT\u00e9cnica: Mixta<br \/>\nMateriales: Aerosol y cuarzos variados<br \/>\nDimensiones: 16 x 12 x 24 cm<br \/>\nPeso: 780 g<br \/>\nFolio: LCA-097<br \/>\nA\u00f1o: 2022<br \/>\nColecci\u00f3n: \u00abLa Magia de los Cuarzos\u00bb<br \/>\nSignificado de la obra: Esta obra representa la diversidad y la armon\u00eda de las energ\u00edas a trav\u00e9s de la combinaci\u00f3n de un cr\u00e1neo de jabal\u00ed y cuarzos de colores variados. Sugiere la importancia de abrazar la diversidad de experiencias y energ\u00edas en la vida y encontrar armon\u00eda en ellas. Celebra la capacidad de equilibrar diferentes aspectos de nuestra existencia para crear una vibraci\u00f3n positiva y enriquecedora.<br \/>\nParticipaci\u00f3n en:<br \/>\n2021 y 2022 Feria de Arte \u00abNoreste Art Fair\u00bb, Akadem, San Pedro Garza Garc\u00eda, Nuevo Le\u00f3n, M\u00e9xico, 2023 Exposici\u00f3n Individual \u201cResonancia Ancestral: Cr\u00e1neos y Huesos en el Arte\u201c, Centro Cultural \u201cLa P\u00e9rgola\u201c, San Nicol\u00e1s de los Garza, Nuevo Le\u00f3n.<br \/>\nPieza \u00fanica<\/p>\n","protected":false},"excerpt":{"rendered":"<p>Cr\u00e1neo de jabal\u00ed T\u00e9cnica: Mixta Materiales: Aerosol y cuarzos variados Dimensiones: 16 x 12 x 24 cm Peso: 780 g Folio: LCA-097 A\u00f1o: 2022 Colecci\u00f3n: \u00abLa Magia de los Cuarzos\u00bb Significado de la obra: Esta obra representa la diversidad y la armon\u00eda de las energ\u00edas a trav\u00e9s de la combinaci\u00f3n de un cr\u00e1neo de jabal\u00ed [&hellip;]<\/p>\n","protected":false},"featured_media":379,"comment_status":"open","ping_status":"closed","template":"","meta":{"_et_pb_use_builder":"","_et_pb_old_content":"","_et_gb_content_width":""},"product_brand":[],"product_cat":[19],"product_tag":[],"class_list":{"0":"post-462","1":"product","2":"type-product","3":"status-publish","4":"has-post-thumbnail","6":"product_cat-19","8":"first","9":"instock","10":"shipping-taxable","11":"product-type-simple"},"_links":{"self":[{"href":"https:\/\/lacuernadelciervo.com.mx\/index.php\/wp-json\/wp\/v2\/product\/462","targetHints":{"allow":["GET"]}}],"collection":[{"href":"https:\/\/lacuernadelciervo.com.mx\/index.php\/wp-json\/wp\/v2\/product"}],"about":[{"href":"https:\/\/lacuernadelciervo.com.mx\/index.php\/wp-json\/wp\/v2\/types\/product"}],"replies":[{"embeddable":true,"href":"https:\/\/lacuernadelciervo.com.mx\/index.php\/wp-json\/wp\/v2\/comments?post=462"}],"wp:featuredmedia":[{"embeddable":true,"href":"https:\/\/lacuernadelciervo.com.mx\/index.php\/wp-json\/wp\/v2\/media\/379"}],"wp:attachment":[{"href":"https:\/\/lacuernadelciervo.com.mx\/index.php\/wp-json\/wp\/v2\/media?parent=462"}],"wp:term":[{"taxonomy":"product_brand","embeddable":true,"href":"https:\/\/lacuernadelciervo.com.mx\/index.php\/wp-json\/wp\/v2\/product_brand?post=462"},{"taxonomy":"product_cat","embeddable":true,"href":"https:\/\/lacuernadelciervo.com.mx\/index.php\/wp-json\/wp\/v2\/product_cat?post=462"},{"taxonomy":"product_tag","embeddable":true,"href":"https:\/\/lacuernadelciervo.com.mx\/index.php\/wp-json\/wp\/v2\/product_tag?post=462"}],"curies":[{"name":"wp","href":"https:\/\/api.w.org\/{rel}","templated":true}]}}