{"id":464,"date":"2024-07-12T04:59:58","date_gmt":"2024-07-12T04:59:58","guid":{"rendered":"https:\/\/lacuernadelciervo.com.mx\/?post_type=product&#038;p=464"},"modified":"2024-08-28T20:44:41","modified_gmt":"2024-08-28T20:44:41","slug":"la-serpiente-huichol","status":"publish","type":"product","link":"https:\/\/lacuernadelciervo.com.mx\/index.php\/producto\/la-serpiente-huichol\/","title":{"rendered":"La Serpiente Huichol"},"content":{"rendered":"<p>Cr\u00e1neo de venado<br \/>\nT\u00e9cnica: Huichol<br \/>\nMateriales: Cuentas, cera y barniz<br \/>\nDimensiones: 54 x 46 x 28 cm<br \/>\nPeso: 2.6 kg<br \/>\nFolio: LCA-095<br \/>\nA\u00f1o: 2022<br \/>\nColecci\u00f3n: \u00abVida y Arte Huichol\u00bb<br \/>\nSignificado de la obra: Esta obra representa la conexi\u00f3n profunda entre la comunidad huichol y la naturaleza, personificada por la serpiente, un s\u00edmbolo espiritual en muchas culturas. En la mitolog\u00eda huichol, la serpiente es vista como un gu\u00eda espiritual que puede conducir a las personas a trav\u00e9s de los reinos espirituales y conectarlas con lo divino. Esta obra celebra la interconexi\u00f3n entre la humanidad y la naturaleza, la espiritualidad y la cultura, y la transmisi\u00f3n de conocimiento a lo largo del tiempo, todo ello encapsulado en la serpiente que atraviesa el cr\u00e1neo de venado.<br \/>\nParticipaci\u00f3n en:<br \/>\n2021 y 2022 Feria de Arte \u00abNoreste Art Fair\u00bb, Akadem, San Pedro Garza Garc\u00eda, Nuevo Le\u00f3n, M\u00e9xico, 2023 Exposici\u00f3n Individual \u201cResonancia Ancestral: Cr\u00e1neos y Huesos en el Arte\u201c, Centro Cultural \u201cLa P\u00e9rgola\u201c, San Nicol\u00e1s de los Garza, Nuevo Le\u00f3n.<br \/>\nPieza \u00fanica<\/p>\n","protected":false},"excerpt":{"rendered":"<p>Cr\u00e1neo de venado T\u00e9cnica: Huichol Materiales: Cuentas, cera y barniz Dimensiones: 54 x 46 x 28 cm Peso: 2.6 kg Folio: LCA-095 A\u00f1o: 2022 Colecci\u00f3n: \u00abVida y Arte Huichol\u00bb Significado de la obra: Esta obra representa la conexi\u00f3n profunda entre la comunidad huichol y la naturaleza, personificada por la serpiente, un s\u00edmbolo espiritual en muchas [&hellip;]<\/p>\n","protected":false},"featured_media":465,"comment_status":"open","ping_status":"closed","template":"","meta":{"_et_pb_use_builder":"","_et_pb_old_content":"","_et_gb_content_width":""},"product_brand":[],"product_cat":[19],"product_tag":[],"class_list":{"0":"post-464","1":"product","2":"type-product","3":"status-publish","4":"has-post-thumbnail","6":"product_cat-19","8":"first","9":"instock","10":"shipping-taxable","11":"product-type-simple"},"_links":{"self":[{"href":"https:\/\/lacuernadelciervo.com.mx\/index.php\/wp-json\/wp\/v2\/product\/464","targetHints":{"allow":["GET"]}}],"collection":[{"href":"https:\/\/lacuernadelciervo.com.mx\/index.php\/wp-json\/wp\/v2\/product"}],"about":[{"href":"https:\/\/lacuernadelciervo.com.mx\/index.php\/wp-json\/wp\/v2\/types\/product"}],"replies":[{"embeddable":true,"href":"https:\/\/lacuernadelciervo.com.mx\/index.php\/wp-json\/wp\/v2\/comments?post=464"}],"wp:featuredmedia":[{"embeddable":true,"href":"https:\/\/lacuernadelciervo.com.mx\/index.php\/wp-json\/wp\/v2\/media\/465"}],"wp:attachment":[{"href":"https:\/\/lacuernadelciervo.com.mx\/index.php\/wp-json\/wp\/v2\/media?parent=464"}],"wp:term":[{"taxonomy":"product_brand","embeddable":true,"href":"https:\/\/lacuernadelciervo.com.mx\/index.php\/wp-json\/wp\/v2\/product_brand?post=464"},{"taxonomy":"product_cat","embeddable":true,"href":"https:\/\/lacuernadelciervo.com.mx\/index.php\/wp-json\/wp\/v2\/product_cat?post=464"},{"taxonomy":"product_tag","embeddable":true,"href":"https:\/\/lacuernadelciervo.com.mx\/index.php\/wp-json\/wp\/v2\/product_tag?post=464"}],"curies":[{"name":"wp","href":"https:\/\/api.w.org\/{rel}","templated":true}]}}