{"id":476,"date":"2024-07-12T05:07:00","date_gmt":"2024-07-12T05:07:00","guid":{"rendered":"https:\/\/lacuernadelciervo.com.mx\/?post_type=product&#038;p=476"},"modified":"2024-08-28T19:53:21","modified_gmt":"2024-08-28T19:53:21","slug":"claridad-espiritual","status":"publish","type":"product","link":"https:\/\/lacuernadelciervo.com.mx\/index.php\/producto\/claridad-espiritual\/","title":{"rendered":"Claridad Espiritual"},"content":{"rendered":"<p>Cr\u00e1neo de venado alesnillo<br \/>\nT\u00e9cnica: Mixta<br \/>\nMateriales: Aerosol, cuarzo transparente, verde y amarillo<br \/>\nDimensiones: 18 x 12 x 23 cm<br \/>\nPeso: 220 g<br \/>\nFolio: LCA-093<br \/>\nA\u00f1o: 2022<br \/>\nColecci\u00f3n: \u00abLa Magia de los Cuarzos\u00bb<br \/>\nSignificado de la obra: El cr\u00e1neo y la cornamenta del venado alesnillo se asocian con lo terrenal y lo espiritual. Son vistos como gu\u00edas y mensajeros. Esta obra pone \u00e9nfasis en la b\u00fasqueda de la claridad espiritual y la energ\u00eda vital a trav\u00e9s de la influencia de los cuarzos, la conexi\u00f3n con lo divino y la energ\u00eda que representa el venado como animal espiritual.<br \/>\nParticipaci\u00f3n en:<br \/>\n2022 Feria de Arte \u00abNoreste Art Fair\u00bb, Akadem, San Pedro Garza Garc\u00eda, Nuevo Le\u00f3n, M\u00e9xico, 2023 Exposici\u00f3n Individual \u201cResonancia Ancestral: Cr\u00e1neos y Huesos en el Arte\u201c, Centro Cultural \u201cLa P\u00e9rgola\u201c, San Nicol\u00e1s de los Garza, Nuevo Le\u00f3n.<br \/>\nPieza \u00fanica<\/p>\n<p>&nbsp;<\/p>\n","protected":false},"excerpt":{"rendered":"<p>Cr\u00e1neo de venado alesnillo T\u00e9cnica: Mixta Materiales: Aerosol, cuarzo transparente, verde y amarillo Dimensiones: 18 x 12 x 23 cm Peso: 220 g Folio: LCA-093 A\u00f1o: 2022 Colecci\u00f3n: \u00abLa Magia de los Cuarzos\u00bb Significado de la obra: El cr\u00e1neo y la cornamenta del venado alesnillo se asocian con lo terrenal y lo espiritual. Son vistos [&hellip;]<\/p>\n","protected":false},"featured_media":385,"comment_status":"open","ping_status":"closed","template":"","meta":{"_et_pb_use_builder":"","_et_pb_old_content":"","_et_gb_content_width":""},"product_brand":[],"product_cat":[19],"product_tag":[],"class_list":{"0":"post-476","1":"product","2":"type-product","3":"status-publish","4":"has-post-thumbnail","6":"product_cat-19","8":"first","9":"instock","10":"shipping-taxable","11":"product-type-simple"},"_links":{"self":[{"href":"https:\/\/lacuernadelciervo.com.mx\/index.php\/wp-json\/wp\/v2\/product\/476","targetHints":{"allow":["GET"]}}],"collection":[{"href":"https:\/\/lacuernadelciervo.com.mx\/index.php\/wp-json\/wp\/v2\/product"}],"about":[{"href":"https:\/\/lacuernadelciervo.com.mx\/index.php\/wp-json\/wp\/v2\/types\/product"}],"replies":[{"embeddable":true,"href":"https:\/\/lacuernadelciervo.com.mx\/index.php\/wp-json\/wp\/v2\/comments?post=476"}],"wp:featuredmedia":[{"embeddable":true,"href":"https:\/\/lacuernadelciervo.com.mx\/index.php\/wp-json\/wp\/v2\/media\/385"}],"wp:attachment":[{"href":"https:\/\/lacuernadelciervo.com.mx\/index.php\/wp-json\/wp\/v2\/media?parent=476"}],"wp:term":[{"taxonomy":"product_brand","embeddable":true,"href":"https:\/\/lacuernadelciervo.com.mx\/index.php\/wp-json\/wp\/v2\/product_brand?post=476"},{"taxonomy":"product_cat","embeddable":true,"href":"https:\/\/lacuernadelciervo.com.mx\/index.php\/wp-json\/wp\/v2\/product_cat?post=476"},{"taxonomy":"product_tag","embeddable":true,"href":"https:\/\/lacuernadelciervo.com.mx\/index.php\/wp-json\/wp\/v2\/product_tag?post=476"}],"curies":[{"name":"wp","href":"https:\/\/api.w.org\/{rel}","templated":true}]}}