{"id":478,"date":"2024-07-12T05:11:18","date_gmt":"2024-07-12T05:11:18","guid":{"rendered":"https:\/\/lacuernadelciervo.com.mx\/?post_type=product&#038;p=478"},"modified":"2024-08-28T19:33:30","modified_gmt":"2024-08-28T19:33:30","slug":"poder-de-fuego","status":"publish","type":"product","link":"https:\/\/lacuernadelciervo.com.mx\/index.php\/producto\/poder-de-fuego\/","title":{"rendered":"Poder de Fuego"},"content":{"rendered":"<p>Cr\u00e1neo de toro<br \/>\nT\u00e9cnica: Mixta<br \/>\nMateriales: Aerosol, lazo y cuarzo transparente<br \/>\nDimensiones: 47 x 45 x 37 cm<br \/>\nPeso: 1.5 kg<br \/>\nFolio: LCA-091<br \/>\nA\u00f1o: 2022<br \/>\nColecci\u00f3n: \u00abEl Arte de la Transcendencia\u00bb<br \/>\nSignificado de la obra: Esta obra representa la fuerza y la pasi\u00f3n del toro (rojo) combinada con la riqueza espiritual y la iluminaci\u00f3n (dorado) que los cuarzos transparentes representan. El lazo en los cuernos simboliza la uni\u00f3n de las energ\u00edas terrenales y celestiales.<br \/>\nParticipaci\u00f3n en:<br \/>\n2022 Feria de Arte \u00abNoreste Art Fair\u00bb, Akadem, San Pedro Garza Garc\u00eda, Nuevo Le\u00f3n, M\u00e9xico, 2023 Exposici\u00f3n Individual \u201cResonancia Ancestral: Cr\u00e1neos y Huesos en el Arte\u201c, Centro Cultural \u201cLa P\u00e9rgola\u201c, San Nicol\u00e1s de los Garza, Nuevo Le\u00f3n.<br \/>\nPieza \u00fanica<\/p>\n","protected":false},"excerpt":{"rendered":"<p>Cr\u00e1neo de toro T\u00e9cnica: Mixta Materiales: Aerosol, lazo y cuarzo transparente Dimensiones: 47 x 45 x 37 cm Peso: 1.5 kg Folio: LCA-091 A\u00f1o: 2022 Colecci\u00f3n: \u00abEl Arte de la Transcendencia\u00bb Significado de la obra: Esta obra representa la fuerza y la pasi\u00f3n del toro (rojo) combinada con la riqueza espiritual y la iluminaci\u00f3n (dorado) [&hellip;]<\/p>\n","protected":false},"featured_media":483,"comment_status":"open","ping_status":"closed","template":"","meta":{"_et_pb_use_builder":"","_et_pb_old_content":"","_et_gb_content_width":""},"product_brand":[],"product_cat":[19],"product_tag":[],"class_list":{"0":"post-478","1":"product","2":"type-product","3":"status-publish","4":"has-post-thumbnail","6":"product_cat-19","8":"first","9":"instock","10":"shipping-taxable","11":"product-type-simple"},"_links":{"self":[{"href":"https:\/\/lacuernadelciervo.com.mx\/index.php\/wp-json\/wp\/v2\/product\/478","targetHints":{"allow":["GET"]}}],"collection":[{"href":"https:\/\/lacuernadelciervo.com.mx\/index.php\/wp-json\/wp\/v2\/product"}],"about":[{"href":"https:\/\/lacuernadelciervo.com.mx\/index.php\/wp-json\/wp\/v2\/types\/product"}],"replies":[{"embeddable":true,"href":"https:\/\/lacuernadelciervo.com.mx\/index.php\/wp-json\/wp\/v2\/comments?post=478"}],"wp:featuredmedia":[{"embeddable":true,"href":"https:\/\/lacuernadelciervo.com.mx\/index.php\/wp-json\/wp\/v2\/media\/483"}],"wp:attachment":[{"href":"https:\/\/lacuernadelciervo.com.mx\/index.php\/wp-json\/wp\/v2\/media?parent=478"}],"wp:term":[{"taxonomy":"product_brand","embeddable":true,"href":"https:\/\/lacuernadelciervo.com.mx\/index.php\/wp-json\/wp\/v2\/product_brand?post=478"},{"taxonomy":"product_cat","embeddable":true,"href":"https:\/\/lacuernadelciervo.com.mx\/index.php\/wp-json\/wp\/v2\/product_cat?post=478"},{"taxonomy":"product_tag","embeddable":true,"href":"https:\/\/lacuernadelciervo.com.mx\/index.php\/wp-json\/wp\/v2\/product_tag?post=478"}],"curies":[{"name":"wp","href":"https:\/\/api.w.org\/{rel}","templated":true}]}}