{"id":495,"date":"2024-07-12T14:05:20","date_gmt":"2024-07-12T14:05:20","guid":{"rendered":"https:\/\/lacuernadelciervo.com.mx\/?post_type=product&#038;p=495"},"modified":"2024-08-28T19:10:17","modified_gmt":"2024-08-28T19:10:17","slug":"pequena-gran-creacion","status":"publish","type":"product","link":"https:\/\/lacuernadelciervo.com.mx\/index.php\/producto\/pequena-gran-creacion\/","title":{"rendered":"Peque\u00f1a Gran Creaci\u00f3n"},"content":{"rendered":"<p>Cr\u00e1neo de conejo<br \/>\nT\u00e9cnica: Mixta<br \/>\nMateriales: Acr\u00edlico y brillantina<br \/>\nDimensiones: 6 x 6 x 10 cm<br \/>\nPeso: 100 g<br \/>\nFolio: LCA-087<br \/>\nA\u00f1o: 2022<br \/>\nColecci\u00f3n: \u00abEl Arte de la Transcendencia\u00bb<br \/>\nSignificado de la obra: Esta obra representa la posibilidad de un nuevo comienzo imbuido de amor, compasi\u00f3n y armon\u00eda, as\u00ed como la b\u00fasqueda de una comprensi\u00f3n m\u00e1s profunda de los misterios del universo y la conexi\u00f3n con lo divino. La brillantina agrega un toque de brillo y luminosidad, lo que refuerza la idea de la iluminaci\u00f3n espiritual.<br \/>\nParticipaci\u00f3n en:<br \/>\n2022 Feria de Arte \u00abNoreste Art Fair\u00bb, Akadem, San Pedro Garza Garc\u00eda, Nuevo Le\u00f3n, M\u00e9xico, 2023 Exposici\u00f3n Individual \u201cResonancia Ancestral: Cr\u00e1neos y Huesos en el Arte\u201c, Centro Cultural \u201cLa P\u00e9rgola\u201c, San Nicol\u00e1s de los Garza, Nuevo Le\u00f3n.<br \/>\nPieza \u00fanica<\/p>\n","protected":false},"excerpt":{"rendered":"<p>Cr\u00e1neo de conejo T\u00e9cnica: Mixta Materiales: Acr\u00edlico y brillantina Dimensiones: 6 x 6 x 10 cm Peso: 100 g Folio: LCA-087 A\u00f1o: 2022 Colecci\u00f3n: \u00abEl Arte de la Transcendencia\u00bb Significado de la obra: Esta obra representa la posibilidad de un nuevo comienzo imbuido de amor, compasi\u00f3n y armon\u00eda, as\u00ed como la b\u00fasqueda de una comprensi\u00f3n [&hellip;]<\/p>\n","protected":false},"featured_media":482,"comment_status":"open","ping_status":"closed","template":"","meta":{"_et_pb_use_builder":"","_et_pb_old_content":"","_et_gb_content_width":""},"product_brand":[],"product_cat":[19],"product_tag":[],"class_list":{"0":"post-495","1":"product","2":"type-product","3":"status-publish","4":"has-post-thumbnail","6":"product_cat-19","8":"first","9":"instock","10":"shipping-taxable","11":"product-type-simple"},"_links":{"self":[{"href":"https:\/\/lacuernadelciervo.com.mx\/index.php\/wp-json\/wp\/v2\/product\/495","targetHints":{"allow":["GET"]}}],"collection":[{"href":"https:\/\/lacuernadelciervo.com.mx\/index.php\/wp-json\/wp\/v2\/product"}],"about":[{"href":"https:\/\/lacuernadelciervo.com.mx\/index.php\/wp-json\/wp\/v2\/types\/product"}],"replies":[{"embeddable":true,"href":"https:\/\/lacuernadelciervo.com.mx\/index.php\/wp-json\/wp\/v2\/comments?post=495"}],"wp:featuredmedia":[{"embeddable":true,"href":"https:\/\/lacuernadelciervo.com.mx\/index.php\/wp-json\/wp\/v2\/media\/482"}],"wp:attachment":[{"href":"https:\/\/lacuernadelciervo.com.mx\/index.php\/wp-json\/wp\/v2\/media?parent=495"}],"wp:term":[{"taxonomy":"product_brand","embeddable":true,"href":"https:\/\/lacuernadelciervo.com.mx\/index.php\/wp-json\/wp\/v2\/product_brand?post=495"},{"taxonomy":"product_cat","embeddable":true,"href":"https:\/\/lacuernadelciervo.com.mx\/index.php\/wp-json\/wp\/v2\/product_cat?post=495"},{"taxonomy":"product_tag","embeddable":true,"href":"https:\/\/lacuernadelciervo.com.mx\/index.php\/wp-json\/wp\/v2\/product_tag?post=495"}],"curies":[{"name":"wp","href":"https:\/\/api.w.org\/{rel}","templated":true}]}}