{"id":497,"date":"2024-07-12T14:08:32","date_gmt":"2024-07-12T14:08:32","guid":{"rendered":"https:\/\/lacuernadelciervo.com.mx\/?post_type=product&#038;p=497"},"modified":"2024-08-28T19:00:43","modified_gmt":"2024-08-28T19:00:43","slug":"renacimiento-espiritual","status":"publish","type":"product","link":"https:\/\/lacuernadelciervo.com.mx\/index.php\/producto\/renacimiento-espiritual\/","title":{"rendered":"Renacimiento Espiritual"},"content":{"rendered":"<p>Cr\u00e1neo de jabal\u00ed<br \/>\nT\u00e9cnica: Mixta<br \/>\nMateriales: Aerosol, resina ep\u00f3xi<br \/>\nDimensiones: 10 x 10 x 26 cm<br \/>\nPeso: 220 g<br \/>\nFolio: LCA-085<br \/>\nA\u00f1o: 2022<br \/>\nColecci\u00f3n: \u00abEl Arte de la Transcendencia\u00bb<br \/>\nSignificado de la obra: El cr\u00e1neo de un jabal\u00ed simboliza la transformaci\u00f3n y la conexi\u00f3n con lo ancestral. Los colores en esta obra aportan matices a la interpretaci\u00f3n: el amarillo representa la luz, la sabidur\u00eda y la iluminaci\u00f3n espiritual, el verde simboliza la naturaleza y renovaci\u00f3n, y el naranja indica pasi\u00f3n, energ\u00eda y creatividad. En conjunto, estos elementos sugieren una conexi\u00f3n con la naturaleza, la muerte y el renacimiento, as\u00ed como la b\u00fasqueda de conocimiento espiritual y emocional.<br \/>\nParticipaci\u00f3n en:<br \/>\n2022 Feria de Arte \u00abNoreste Art Fair\u00bb, Akadem, San Pedro Garza Garc\u00eda, Nuevo Le\u00f3n, M\u00e9xico, 2023 Exposici\u00f3n Individual \u201cResonancia Ancestral: Cr\u00e1neos y Huesos en el Arte\u201c, Centro Cultural \u201cLa P\u00e9rgola\u201c, San Nicol\u00e1s de los Garza, Nuevo Le\u00f3n.<br \/>\nPieza \u00fanica<\/p>\n","protected":false},"excerpt":{"rendered":"<p>Cr\u00e1neo de jabal\u00ed T\u00e9cnica: Mixta Materiales: Aerosol, resina ep\u00f3xi Dimensiones: 10 x 10 x 26 cm Peso: 220 g Folio: LCA-085 A\u00f1o: 2022 Colecci\u00f3n: \u00abEl Arte de la Transcendencia\u00bb Significado de la obra: El cr\u00e1neo de un jabal\u00ed simboliza la transformaci\u00f3n y la conexi\u00f3n con lo ancestral. Los colores en esta obra aportan matices a [&hellip;]<\/p>\n","protected":false},"featured_media":489,"comment_status":"open","ping_status":"closed","template":"","meta":{"_et_pb_use_builder":"","_et_pb_old_content":"","_et_gb_content_width":""},"product_brand":[],"product_cat":[19],"product_tag":[],"class_list":{"0":"post-497","1":"product","2":"type-product","3":"status-publish","4":"has-post-thumbnail","6":"product_cat-19","8":"first","9":"instock","10":"shipping-taxable","11":"product-type-simple"},"_links":{"self":[{"href":"https:\/\/lacuernadelciervo.com.mx\/index.php\/wp-json\/wp\/v2\/product\/497","targetHints":{"allow":["GET"]}}],"collection":[{"href":"https:\/\/lacuernadelciervo.com.mx\/index.php\/wp-json\/wp\/v2\/product"}],"about":[{"href":"https:\/\/lacuernadelciervo.com.mx\/index.php\/wp-json\/wp\/v2\/types\/product"}],"replies":[{"embeddable":true,"href":"https:\/\/lacuernadelciervo.com.mx\/index.php\/wp-json\/wp\/v2\/comments?post=497"}],"wp:featuredmedia":[{"embeddable":true,"href":"https:\/\/lacuernadelciervo.com.mx\/index.php\/wp-json\/wp\/v2\/media\/489"}],"wp:attachment":[{"href":"https:\/\/lacuernadelciervo.com.mx\/index.php\/wp-json\/wp\/v2\/media?parent=497"}],"wp:term":[{"taxonomy":"product_brand","embeddable":true,"href":"https:\/\/lacuernadelciervo.com.mx\/index.php\/wp-json\/wp\/v2\/product_brand?post=497"},{"taxonomy":"product_cat","embeddable":true,"href":"https:\/\/lacuernadelciervo.com.mx\/index.php\/wp-json\/wp\/v2\/product_cat?post=497"},{"taxonomy":"product_tag","embeddable":true,"href":"https:\/\/lacuernadelciervo.com.mx\/index.php\/wp-json\/wp\/v2\/product_tag?post=497"}],"curies":[{"name":"wp","href":"https:\/\/api.w.org\/{rel}","templated":true}]}}