{"id":505,"date":"2024-07-12T14:15:11","date_gmt":"2024-07-12T14:15:11","guid":{"rendered":"https:\/\/lacuernadelciervo.com.mx\/?post_type=product&#038;p=505"},"modified":"2024-08-27T00:03:29","modified_gmt":"2024-08-27T00:03:29","slug":"enigma","status":"publish","type":"product","link":"https:\/\/lacuernadelciervo.com.mx\/index.php\/producto\/enigma\/","title":{"rendered":"Enigma"},"content":{"rendered":"<p>Cornamenta de venado alesnillo<br \/>\nT\u00e9cnica: Mixta<br \/>\nMateriales: Aerosol, chaquir\u00f3n y madera<br \/>\nDimensiones: 23 x 29 x 23 cm<br \/>\nPeso: 1.6 kg<br \/>\nFolio: LCA-080<br \/>\nA\u00f1o: 2022<br \/>\nColecci\u00f3n: \u00abEl arte de la transcendencia\u00bb<br \/>\nSignificado de obra: Esta obra representa la exploraci\u00f3n continua de los misterios de la vida, la muerte, el renacimiento y la conexi\u00f3n con lo divino, todo ello encapsulado en la simbolog\u00eda de la cornamenta del venado como un enigma en s\u00ed mismo.<br \/>\nParticipaci\u00f3n en:<br \/>\n2022 Feria de Arte \u00abNoreste Art Fair\u00bb, Akadem, San Pedro Garza Garc\u00eda, Nuevo Le\u00f3n, M\u00e9xico<br \/>\n2023 Exposici\u00f3n individual \u201cResonancia ancestral: cr\u00e1neos y huesos en el arte\u201c, Centro Cultural \u201cLa P\u00e9rgola\u201c, San Nicol\u00e1s de los Garza, Nuevo Le\u00f3n<br \/>\nPieza \u00fanica<\/p>\n","protected":false},"excerpt":{"rendered":"<p>Cornamenta de venado alesnillo T\u00e9cnica: Mixta Materiales: Aerosol, chaquir\u00f3n y madera Dimensiones: 23 x 29 x 23 cm Peso: 1.6 kg Folio: LCA-080 A\u00f1o: 2022 Colecci\u00f3n: \u00abEl arte de la transcendencia\u00bb Significado de obra: Esta obra representa la exploraci\u00f3n continua de los misterios de la vida, la muerte, el renacimiento y la conexi\u00f3n con lo [&hellip;]<\/p>\n","protected":false},"featured_media":420,"comment_status":"open","ping_status":"closed","template":"","meta":{"_et_pb_use_builder":"","_et_pb_old_content":"","_et_gb_content_width":""},"product_brand":[],"product_cat":[19],"product_tag":[],"class_list":{"0":"post-505","1":"product","2":"type-product","3":"status-publish","4":"has-post-thumbnail","6":"product_cat-19","8":"first","9":"instock","10":"shipping-taxable","11":"product-type-simple"},"_links":{"self":[{"href":"https:\/\/lacuernadelciervo.com.mx\/index.php\/wp-json\/wp\/v2\/product\/505","targetHints":{"allow":["GET"]}}],"collection":[{"href":"https:\/\/lacuernadelciervo.com.mx\/index.php\/wp-json\/wp\/v2\/product"}],"about":[{"href":"https:\/\/lacuernadelciervo.com.mx\/index.php\/wp-json\/wp\/v2\/types\/product"}],"replies":[{"embeddable":true,"href":"https:\/\/lacuernadelciervo.com.mx\/index.php\/wp-json\/wp\/v2\/comments?post=505"}],"wp:featuredmedia":[{"embeddable":true,"href":"https:\/\/lacuernadelciervo.com.mx\/index.php\/wp-json\/wp\/v2\/media\/420"}],"wp:attachment":[{"href":"https:\/\/lacuernadelciervo.com.mx\/index.php\/wp-json\/wp\/v2\/media?parent=505"}],"wp:term":[{"taxonomy":"product_brand","embeddable":true,"href":"https:\/\/lacuernadelciervo.com.mx\/index.php\/wp-json\/wp\/v2\/product_brand?post=505"},{"taxonomy":"product_cat","embeddable":true,"href":"https:\/\/lacuernadelciervo.com.mx\/index.php\/wp-json\/wp\/v2\/product_cat?post=505"},{"taxonomy":"product_tag","embeddable":true,"href":"https:\/\/lacuernadelciervo.com.mx\/index.php\/wp-json\/wp\/v2\/product_tag?post=505"}],"curies":[{"name":"wp","href":"https:\/\/api.w.org\/{rel}","templated":true}]}}