{"id":506,"date":"2024-07-12T14:16:28","date_gmt":"2024-07-12T14:16:28","guid":{"rendered":"https:\/\/lacuernadelciervo.com.mx\/?post_type=product&#038;p=506"},"modified":"2024-08-27T00:02:39","modified_gmt":"2024-08-27T00:02:39","slug":"intuicion","status":"publish","type":"product","link":"https:\/\/lacuernadelciervo.com.mx\/index.php\/producto\/intuicion\/","title":{"rendered":"Intuici\u00f3n"},"content":{"rendered":"<p>Cr\u00e1neo de oveja<br \/>\nT\u00e9cnica: Mixta<br \/>\nMateriales: Aerosol y cuarzos transparentes<br \/>\nDimensiones: 21 x 13 x 24 cm<br \/>\nPeso: 450 g<br \/>\nFolio: LCA-079<br \/>\nA\u00f1o: 2022<br \/>\nColecci\u00f3n: \u00abLa magia de los cuarzos\u00bb<br \/>\nSignificado de obra: El cr\u00e1neo de oveja simboliza la conexi\u00f3n con la naturaleza, inocencia y la humildad. Los cuarzos transparentes son conocidos por su capacidad de amplificar las energ\u00edas y potenciar la intuici\u00f3n. Su presencia sugiere la b\u00fasqueda de claridad mental, percepci\u00f3n espiritual y equilibrio emocional. El color azul se asocia con la espiritualidad, tranquilidad y la comunicaci\u00f3n.<br \/>\nParticipaci\u00f3n en:<br \/>\n2022 Feria de Arte \u00abNoreste Art Fair\u00bb, Akadem, San Pedro Garza Garc\u00eda, Nuevo Le\u00f3n, M\u00e9xico<br \/>\n2023 Exposici\u00f3n individual \u201cResonancia ancestral: cr\u00e1neos y huesos en el arte\u201c, Centro Cultural \u201cLa P\u00e9rgola\u201c, San Nicol\u00e1s de los Garza, Nuevo Le\u00f3n<br \/>\nPieza \u00fanica<\/p>\n","protected":false},"excerpt":{"rendered":"<p>Cr\u00e1neo de oveja T\u00e9cnica: Mixta Materiales: Aerosol y cuarzos transparentes Dimensiones: 21 x 13 x 24 cm Peso: 450 g Folio: LCA-079 A\u00f1o: 2022 Colecci\u00f3n: \u00abLa magia de los cuarzos\u00bb Significado de obra: El cr\u00e1neo de oveja simboliza la conexi\u00f3n con la naturaleza, inocencia y la humildad. Los cuarzos transparentes son conocidos por su capacidad [&hellip;]<\/p>\n","protected":false},"featured_media":442,"comment_status":"open","ping_status":"closed","template":"","meta":{"_et_pb_use_builder":"","_et_pb_old_content":"","_et_gb_content_width":""},"product_brand":[],"product_cat":[19],"product_tag":[],"class_list":{"0":"post-506","1":"product","2":"type-product","3":"status-publish","4":"has-post-thumbnail","6":"product_cat-19","8":"first","9":"instock","10":"shipping-taxable","11":"product-type-simple"},"_links":{"self":[{"href":"https:\/\/lacuernadelciervo.com.mx\/index.php\/wp-json\/wp\/v2\/product\/506","targetHints":{"allow":["GET"]}}],"collection":[{"href":"https:\/\/lacuernadelciervo.com.mx\/index.php\/wp-json\/wp\/v2\/product"}],"about":[{"href":"https:\/\/lacuernadelciervo.com.mx\/index.php\/wp-json\/wp\/v2\/types\/product"}],"replies":[{"embeddable":true,"href":"https:\/\/lacuernadelciervo.com.mx\/index.php\/wp-json\/wp\/v2\/comments?post=506"}],"wp:featuredmedia":[{"embeddable":true,"href":"https:\/\/lacuernadelciervo.com.mx\/index.php\/wp-json\/wp\/v2\/media\/442"}],"wp:attachment":[{"href":"https:\/\/lacuernadelciervo.com.mx\/index.php\/wp-json\/wp\/v2\/media?parent=506"}],"wp:term":[{"taxonomy":"product_brand","embeddable":true,"href":"https:\/\/lacuernadelciervo.com.mx\/index.php\/wp-json\/wp\/v2\/product_brand?post=506"},{"taxonomy":"product_cat","embeddable":true,"href":"https:\/\/lacuernadelciervo.com.mx\/index.php\/wp-json\/wp\/v2\/product_cat?post=506"},{"taxonomy":"product_tag","embeddable":true,"href":"https:\/\/lacuernadelciervo.com.mx\/index.php\/wp-json\/wp\/v2\/product_tag?post=506"}],"curies":[{"name":"wp","href":"https:\/\/api.w.org\/{rel}","templated":true}]}}