{"id":507,"date":"2024-07-12T14:17:44","date_gmt":"2024-07-12T14:17:44","guid":{"rendered":"https:\/\/lacuernadelciervo.com.mx\/?post_type=product&#038;p=507"},"modified":"2024-08-27T00:01:37","modified_gmt":"2024-08-27T00:01:37","slug":"el-zorro-inteligencia-y-pasion","status":"publish","type":"product","link":"https:\/\/lacuernadelciervo.com.mx\/index.php\/producto\/el-zorro-inteligencia-y-pasion\/","title":{"rendered":"Inteligencia y Pasi\u00f3n"},"content":{"rendered":"<p>Cr\u00e1neo de zorro<br \/>\nT\u00e9cnica: Mixta<br \/>\nMateriales: Aerosol y diamantina<br \/>\nDimensiones: 7 x 10 x 18 cm<br \/>\nPeso: 200 g<br \/>\nFolio: LCA-078<br \/>\nA\u00f1o: 2022<br \/>\nColecci\u00f3n: \u00abEl arte de la transcendencia\u00bb<br \/>\nSignificado de obra: El zorro, a menudo visto como un animal que cambia de piel, simboliza la transformaci\u00f3n y la renovaci\u00f3n espiritual. Esta obra representa la pasi\u00f3n, la vitalidad y la energ\u00eda, enfoc\u00e1ndonos en mantener viva la chispa interna y nuestra conexi\u00f3n con la fuerza vital.<br \/>\nParticipaci\u00f3n en:<br \/>\n2022 Feria de Arte \u00abNoreste Art Fair\u00bb, Akadem, San Pedro Garza Garc\u00eda, Nuevo Le\u00f3n, M\u00e9xico<br \/>\n2023 Exposici\u00f3n individual \u201cResonancia ancestral: cr\u00e1neos y huesos en el arte\u201c, Centro Cultural \u201cLa P\u00e9rgola\u201c, San Nicol\u00e1s de los Garza, Nuevo Le\u00f3n<br \/>\nPieza \u00fanica<\/p>\n","protected":false},"excerpt":{"rendered":"<p>Cr\u00e1neo de zorro T\u00e9cnica: Mixta Materiales: Aerosol y diamantina Dimensiones: 7 x 10 x 18 cm Peso: 200 g Folio: LCA-078 A\u00f1o: 2022 Colecci\u00f3n: \u00abEl arte de la transcendencia\u00bb Significado de obra: El zorro, a menudo visto como un animal que cambia de piel, simboliza la transformaci\u00f3n y la renovaci\u00f3n espiritual. Esta obra representa la [&hellip;]<\/p>\n","protected":false},"featured_media":437,"comment_status":"open","ping_status":"closed","template":"","meta":{"_et_pb_use_builder":"","_et_pb_old_content":"","_et_gb_content_width":""},"product_brand":[],"product_cat":[19],"product_tag":[],"class_list":{"0":"post-507","1":"product","2":"type-product","3":"status-publish","4":"has-post-thumbnail","6":"product_cat-19","8":"first","9":"instock","10":"shipping-taxable","11":"product-type-simple"},"_links":{"self":[{"href":"https:\/\/lacuernadelciervo.com.mx\/index.php\/wp-json\/wp\/v2\/product\/507","targetHints":{"allow":["GET"]}}],"collection":[{"href":"https:\/\/lacuernadelciervo.com.mx\/index.php\/wp-json\/wp\/v2\/product"}],"about":[{"href":"https:\/\/lacuernadelciervo.com.mx\/index.php\/wp-json\/wp\/v2\/types\/product"}],"replies":[{"embeddable":true,"href":"https:\/\/lacuernadelciervo.com.mx\/index.php\/wp-json\/wp\/v2\/comments?post=507"}],"wp:featuredmedia":[{"embeddable":true,"href":"https:\/\/lacuernadelciervo.com.mx\/index.php\/wp-json\/wp\/v2\/media\/437"}],"wp:attachment":[{"href":"https:\/\/lacuernadelciervo.com.mx\/index.php\/wp-json\/wp\/v2\/media?parent=507"}],"wp:term":[{"taxonomy":"product_brand","embeddable":true,"href":"https:\/\/lacuernadelciervo.com.mx\/index.php\/wp-json\/wp\/v2\/product_brand?post=507"},{"taxonomy":"product_cat","embeddable":true,"href":"https:\/\/lacuernadelciervo.com.mx\/index.php\/wp-json\/wp\/v2\/product_cat?post=507"},{"taxonomy":"product_tag","embeddable":true,"href":"https:\/\/lacuernadelciervo.com.mx\/index.php\/wp-json\/wp\/v2\/product_tag?post=507"}],"curies":[{"name":"wp","href":"https:\/\/api.w.org\/{rel}","templated":true}]}}