{"id":526,"date":"2024-07-12T14:22:56","date_gmt":"2024-07-12T14:22:56","guid":{"rendered":"https:\/\/lacuernadelciervo.com.mx\/?post_type=product&#038;p=526"},"modified":"2024-07-15T22:50:15","modified_gmt":"2024-07-15T22:50:15","slug":"amuleto-de-la-fortaleza-espiritual","status":"publish","type":"product","link":"https:\/\/lacuernadelciervo.com.mx\/index.php\/producto\/amuleto-de-la-fortaleza-espiritual\/","title":{"rendered":"Amuleto de la Fortaleza Espiritual"},"content":{"rendered":"<p>Cr\u00e1neo de jabal\u00ed<br \/>\nT\u00e9cnica: Mixta<br \/>\nMateriales: Cuarzo amatista, amazonita, cuarzo prasio y cuarzo rosa<br \/>\nDimensiones: 11 x 12 x 25 cm<br \/>\nPeso: 280 g<br \/>\nFolio: lca-076<br \/>\nA\u00f1o: 2022<br \/>\nColecci\u00f3n: \u00abLa magia de los cuarzos\u00bb<br \/>\nSignificado de obra: Esta obra representa un amuleto de protecci\u00f3n y fortaleza espiritual con un enfoque con la transformaci\u00f3n y la comunicaci\u00f3n aut\u00e9ntica con energ\u00eda positiva y el amor compasivo.<br \/>\nParticipaci\u00f3n en: 2022 Feria de Arte \u00abNoreste Art Fair\u00bb, Akadem, San Pedro Garza Garc\u00eda, Nuevo Le\u00f3n, M\u00e9xico, 2023 Exposici\u00f3n Individual \u201cResonancia Ancestral: Cr\u00e1neos y Huesos en el Arte\u201c, Centro Cultural \u201cLa P\u00e9rgola\u201c, San Nicol\u00e1s de los Garza, Nuevo Le\u00f3n<br \/>\nPieza \u00fanica<\/p>\n","protected":false},"excerpt":{"rendered":"<p>Cr\u00e1neo de jabal\u00ed T\u00e9cnica: Mixta Materiales: Cuarzo amatista, amazonita, cuarzo prasio y cuarzo rosa Dimensiones: 11 x 12 x 25 cm Peso: 280 g Folio: lca-076 A\u00f1o: 2022 Colecci\u00f3n: \u00abLa magia de los cuarzos\u00bb Significado de obra: Esta obra representa un amuleto de protecci\u00f3n y fortaleza espiritual con un enfoque con la transformaci\u00f3n y la [&hellip;]<\/p>\n","protected":false},"featured_media":373,"comment_status":"open","ping_status":"closed","template":"","meta":{"_et_pb_use_builder":"","_et_pb_old_content":"","_et_gb_content_width":""},"product_brand":[],"product_cat":[19],"product_tag":[],"class_list":{"0":"post-526","1":"product","2":"type-product","3":"status-publish","4":"has-post-thumbnail","6":"product_cat-19","8":"first","9":"instock","10":"shipping-taxable","11":"product-type-simple"},"_links":{"self":[{"href":"https:\/\/lacuernadelciervo.com.mx\/index.php\/wp-json\/wp\/v2\/product\/526","targetHints":{"allow":["GET"]}}],"collection":[{"href":"https:\/\/lacuernadelciervo.com.mx\/index.php\/wp-json\/wp\/v2\/product"}],"about":[{"href":"https:\/\/lacuernadelciervo.com.mx\/index.php\/wp-json\/wp\/v2\/types\/product"}],"replies":[{"embeddable":true,"href":"https:\/\/lacuernadelciervo.com.mx\/index.php\/wp-json\/wp\/v2\/comments?post=526"}],"wp:featuredmedia":[{"embeddable":true,"href":"https:\/\/lacuernadelciervo.com.mx\/index.php\/wp-json\/wp\/v2\/media\/373"}],"wp:attachment":[{"href":"https:\/\/lacuernadelciervo.com.mx\/index.php\/wp-json\/wp\/v2\/media?parent=526"}],"wp:term":[{"taxonomy":"product_brand","embeddable":true,"href":"https:\/\/lacuernadelciervo.com.mx\/index.php\/wp-json\/wp\/v2\/product_brand?post=526"},{"taxonomy":"product_cat","embeddable":true,"href":"https:\/\/lacuernadelciervo.com.mx\/index.php\/wp-json\/wp\/v2\/product_cat?post=526"},{"taxonomy":"product_tag","embeddable":true,"href":"https:\/\/lacuernadelciervo.com.mx\/index.php\/wp-json\/wp\/v2\/product_tag?post=526"}],"curies":[{"name":"wp","href":"https:\/\/api.w.org\/{rel}","templated":true}]}}