{"id":542,"date":"2024-07-12T18:37:16","date_gmt":"2024-07-12T18:37:16","guid":{"rendered":"https:\/\/lacuernadelciervo.com.mx\/?post_type=product&#038;p=542"},"modified":"2024-08-26T22:48:54","modified_gmt":"2024-08-26T22:48:54","slug":"tributo-a-la-belleza-animal","status":"publish","type":"product","link":"https:\/\/lacuernadelciervo.com.mx\/index.php\/producto\/tributo-a-la-belleza-animal\/","title":{"rendered":"Tributo a la Belleza Animal"},"content":{"rendered":"<p>Mand\u00edbulas de Erizo de Tierra, Conejo y Coyote<br \/>\nT\u00e9cnica: Blanqueado de hueso<br \/>\nMateriales: Madera, pluma de pavorreal y flores sint\u00e9ticas<br \/>\nDimensiones: 27 x 33 x 11 cm<br \/>\nPeso: 1.5 kg<br \/>\nFolio: LCA-063<br \/>\nA\u00f1o: 2022<br \/>\nColecci\u00f3n: \u00abLa Pureza de los Huesos\u00bb<br \/>\nSignificado de la obra: Con esta obra, resalto y celebro la maravillosa belleza de los animales en todas sus formas y manifestaciones. Tengo una profunda apreciaci\u00f3n por la diversidad y la majestuosidad de la vida animal en nuestro mundo. Nos dan una preciosa energ\u00eda y representan un equilibrio en nuestro mundo.<br \/>\nParticipaci\u00f3n en:<br \/>\n2022 Feria de Arte \u00abNoreste Art Fair\u00bb, Akadem, San Pedro Garza Garc\u00eda, Nuevo Le\u00f3n, M\u00e9xico<br \/>\n2023 Exposici\u00f3n Individual \u201cResonancia Ancestral: Cr\u00e1neos y Huesos en el Arte\u201c,<\/p>\n","protected":false},"excerpt":{"rendered":"<p>Mand\u00edbulas de Erizo de Tierra, Conejo y Coyote T\u00e9cnica: Blanqueado de hueso Materiales: Madera, pluma de pavorreal y flores sint\u00e9ticas Dimensiones: 27 x 33 x 11 cm Peso: 1.5 kg Folio: LCA-063 A\u00f1o: 2022 Colecci\u00f3n: \u00abLa Pureza de los Huesos\u00bb Significado de la obra: Con esta obra, resalto y celebro la maravillosa belleza de los [&hellip;]<\/p>\n","protected":false},"featured_media":474,"comment_status":"open","ping_status":"closed","template":"","meta":{"_et_pb_use_builder":"","_et_pb_old_content":"","_et_gb_content_width":""},"product_brand":[],"product_cat":[19],"product_tag":[],"class_list":{"0":"post-542","1":"product","2":"type-product","3":"status-publish","4":"has-post-thumbnail","6":"product_cat-19","8":"first","9":"instock","10":"shipping-taxable","11":"product-type-simple"},"_links":{"self":[{"href":"https:\/\/lacuernadelciervo.com.mx\/index.php\/wp-json\/wp\/v2\/product\/542","targetHints":{"allow":["GET"]}}],"collection":[{"href":"https:\/\/lacuernadelciervo.com.mx\/index.php\/wp-json\/wp\/v2\/product"}],"about":[{"href":"https:\/\/lacuernadelciervo.com.mx\/index.php\/wp-json\/wp\/v2\/types\/product"}],"replies":[{"embeddable":true,"href":"https:\/\/lacuernadelciervo.com.mx\/index.php\/wp-json\/wp\/v2\/comments?post=542"}],"wp:featuredmedia":[{"embeddable":true,"href":"https:\/\/lacuernadelciervo.com.mx\/index.php\/wp-json\/wp\/v2\/media\/474"}],"wp:attachment":[{"href":"https:\/\/lacuernadelciervo.com.mx\/index.php\/wp-json\/wp\/v2\/media?parent=542"}],"wp:term":[{"taxonomy":"product_brand","embeddable":true,"href":"https:\/\/lacuernadelciervo.com.mx\/index.php\/wp-json\/wp\/v2\/product_brand?post=542"},{"taxonomy":"product_cat","embeddable":true,"href":"https:\/\/lacuernadelciervo.com.mx\/index.php\/wp-json\/wp\/v2\/product_cat?post=542"},{"taxonomy":"product_tag","embeddable":true,"href":"https:\/\/lacuernadelciervo.com.mx\/index.php\/wp-json\/wp\/v2\/product_tag?post=542"}],"curies":[{"name":"wp","href":"https:\/\/api.w.org\/{rel}","templated":true}]}}