{"id":543,"date":"2024-07-12T18:38:44","date_gmt":"2024-07-12T18:38:44","guid":{"rendered":"https:\/\/lacuernadelciervo.com.mx\/?post_type=product&#038;p=543"},"modified":"2024-08-26T22:47:51","modified_gmt":"2024-08-26T22:47:51","slug":"corona-de-pureza","status":"publish","type":"product","link":"https:\/\/lacuernadelciervo.com.mx\/index.php\/producto\/corona-de-pureza\/","title":{"rendered":"Corona de Pureza"},"content":{"rendered":"<p>Cr\u00e1neo de Perro Chihuahua<br \/>\nT\u00e9cnica: Mixta<br \/>\nMateriales: Aerosol, diamantina y cuarzo transparente<br \/>\nDimensiones: 8 x 10 x 15 cm<br \/>\nPeso: 60 g<br \/>\nFolio: LCA-062<br \/>\nA\u00f1o: 2022<br \/>\nColecci\u00f3n: \u00abLa Magia de los Cuarzos\u00bb<br \/>\nSignificado de la Obra: Esta obra es una representaci\u00f3n art\u00edstica de c\u00f3mo la b\u00fasqueda de la pureza espiritual y la claridad mental puede llevar a una mayor lealtad y protecci\u00f3n en el viaje espiritual La corona de cuarzo transparente en el cr\u00e1neo de Chihuahua representa la pureza y la gu\u00eda espiritual que pueden ser una fuente de fortaleza en la vida espiritual de una persona<br \/>\nParticipaci\u00f3n en:<br \/>\n2022 Feria de Arte \u00abNoreste Art Fair\u00bb Akadem San Pedro Garza Garc\u00eda Nuevo Le\u00f3n M\u00e9xico<br \/>\n2023 Exposici\u00f3n Individual \u201cResonancia Ancestral: Cr\u00e1neos y Huesos en el Arte\u201c Centro Cultural \u201cLa P\u00e9rgola\u201c San Nicol\u00e1s de los Garza Nuevo Le\u00f3n<br \/>\nPieza \u00fanica<\/p>\n","protected":false},"excerpt":{"rendered":"<p>Cr\u00e1neo de Perro Chihuahua T\u00e9cnica: Mixta Materiales: Aerosol, diamantina y cuarzo transparente Dimensiones: 8 x 10 x 15 cm Peso: 60 g Folio: LCA-062 A\u00f1o: 2022 Colecci\u00f3n: \u00abLa Magia de los Cuarzos\u00bb Significado de la Obra: Esta obra es una representaci\u00f3n art\u00edstica de c\u00f3mo la b\u00fasqueda de la pureza espiritual y la claridad mental puede [&hellip;]<\/p>\n","protected":false},"featured_media":400,"comment_status":"open","ping_status":"closed","template":"","meta":{"_et_pb_use_builder":"","_et_pb_old_content":"","_et_gb_content_width":""},"product_brand":[],"product_cat":[19],"product_tag":[],"class_list":{"0":"post-543","1":"product","2":"type-product","3":"status-publish","4":"has-post-thumbnail","6":"product_cat-19","8":"first","9":"instock","10":"shipping-taxable","11":"product-type-simple"},"_links":{"self":[{"href":"https:\/\/lacuernadelciervo.com.mx\/index.php\/wp-json\/wp\/v2\/product\/543","targetHints":{"allow":["GET"]}}],"collection":[{"href":"https:\/\/lacuernadelciervo.com.mx\/index.php\/wp-json\/wp\/v2\/product"}],"about":[{"href":"https:\/\/lacuernadelciervo.com.mx\/index.php\/wp-json\/wp\/v2\/types\/product"}],"replies":[{"embeddable":true,"href":"https:\/\/lacuernadelciervo.com.mx\/index.php\/wp-json\/wp\/v2\/comments?post=543"}],"wp:featuredmedia":[{"embeddable":true,"href":"https:\/\/lacuernadelciervo.com.mx\/index.php\/wp-json\/wp\/v2\/media\/400"}],"wp:attachment":[{"href":"https:\/\/lacuernadelciervo.com.mx\/index.php\/wp-json\/wp\/v2\/media?parent=543"}],"wp:term":[{"taxonomy":"product_brand","embeddable":true,"href":"https:\/\/lacuernadelciervo.com.mx\/index.php\/wp-json\/wp\/v2\/product_brand?post=543"},{"taxonomy":"product_cat","embeddable":true,"href":"https:\/\/lacuernadelciervo.com.mx\/index.php\/wp-json\/wp\/v2\/product_cat?post=543"},{"taxonomy":"product_tag","embeddable":true,"href":"https:\/\/lacuernadelciervo.com.mx\/index.php\/wp-json\/wp\/v2\/product_tag?post=543"}],"curies":[{"name":"wp","href":"https:\/\/api.w.org\/{rel}","templated":true}]}}