{"id":544,"date":"2024-07-12T18:40:40","date_gmt":"2024-07-12T18:40:40","guid":{"rendered":"https:\/\/lacuernadelciervo.com.mx\/?post_type=product&#038;p=544"},"modified":"2024-08-26T22:45:53","modified_gmt":"2024-08-26T22:45:53","slug":"equilibrio-de-un-caballo","status":"publish","type":"product","link":"https:\/\/lacuernadelciervo.com.mx\/index.php\/producto\/equilibrio-de-un-caballo\/","title":{"rendered":"Equilibrio de un Caballo"},"content":{"rendered":"<p>F\u00e9mur de Caballo<br \/>\nT\u00e9cnica: Mixta<br \/>\nMateriales: Aerosol alambre dorado y cuarzos<br \/>\nDimensiones: 11 x 12 x 34 cm<br \/>\nPeso: 900 g<br \/>\nFolio: LCA-061<br \/>\nA\u00f1o: 2022<br \/>\nColecci\u00f3n: \u00abLa Magia de los Cuarzos\u00bb<br \/>\nSignificado de la Obra: El caballo es conocido por su fuerza y poder f\u00edsico espiritualmente simboliza la fuerza interior la voluntad y la capacidad de superar obst\u00e1culos en la vida al combinarse el f\u00e9mur del caballo y los cuarzos la importancia radica en la fusi\u00f3n de la fuerza y la resistencia del caballo con la claridad mental y la elevaci\u00f3n espiritual de los cuarzos en esta obra quiero transmitir un mensaje de equilibrio transformaci\u00f3n y protecci\u00f3n espiritual<br \/>\nParticipaci\u00f3n en:<br \/>\n2022 Feria de Arte \u00abNoreste Art Fair\u00bb Akadem San Pedro Garza Garc\u00eda Nuevo Le\u00f3n M\u00e9xico<br \/>\n2023 Exposici\u00f3n Individual \u201cResonancia Ancestral: Cr\u00e1neos y Huesos en el Arte\u201c Centro Cultural \u201cLa P\u00e9rgola\u201c San Nicol\u00e1s de los Garza Nuevo Le\u00f3n<br \/>\nPieza \u00fanica<\/p>\n","protected":false},"excerpt":{"rendered":"<p>F\u00e9mur de Caballo T\u00e9cnica: Mixta Materiales: Aerosol alambre dorado y cuarzos Dimensiones: 11 x 12 x 34 cm Peso: 900 g Folio: LCA-061 A\u00f1o: 2022 Colecci\u00f3n: \u00abLa Magia de los Cuarzos\u00bb Significado de la Obra: El caballo es conocido por su fuerza y poder f\u00edsico espiritualmente simboliza la fuerza interior la voluntad y la capacidad [&hellip;]<\/p>\n","protected":false},"featured_media":545,"comment_status":"open","ping_status":"closed","template":"","meta":{"_et_pb_use_builder":"","_et_pb_old_content":"","_et_gb_content_width":""},"product_brand":[],"product_cat":[19],"product_tag":[],"class_list":{"0":"post-544","1":"product","2":"type-product","3":"status-publish","4":"has-post-thumbnail","6":"product_cat-19","8":"first","9":"instock","10":"shipping-taxable","11":"product-type-simple"},"_links":{"self":[{"href":"https:\/\/lacuernadelciervo.com.mx\/index.php\/wp-json\/wp\/v2\/product\/544","targetHints":{"allow":["GET"]}}],"collection":[{"href":"https:\/\/lacuernadelciervo.com.mx\/index.php\/wp-json\/wp\/v2\/product"}],"about":[{"href":"https:\/\/lacuernadelciervo.com.mx\/index.php\/wp-json\/wp\/v2\/types\/product"}],"replies":[{"embeddable":true,"href":"https:\/\/lacuernadelciervo.com.mx\/index.php\/wp-json\/wp\/v2\/comments?post=544"}],"wp:featuredmedia":[{"embeddable":true,"href":"https:\/\/lacuernadelciervo.com.mx\/index.php\/wp-json\/wp\/v2\/media\/545"}],"wp:attachment":[{"href":"https:\/\/lacuernadelciervo.com.mx\/index.php\/wp-json\/wp\/v2\/media?parent=544"}],"wp:term":[{"taxonomy":"product_brand","embeddable":true,"href":"https:\/\/lacuernadelciervo.com.mx\/index.php\/wp-json\/wp\/v2\/product_brand?post=544"},{"taxonomy":"product_cat","embeddable":true,"href":"https:\/\/lacuernadelciervo.com.mx\/index.php\/wp-json\/wp\/v2\/product_cat?post=544"},{"taxonomy":"product_tag","embeddable":true,"href":"https:\/\/lacuernadelciervo.com.mx\/index.php\/wp-json\/wp\/v2\/product_tag?post=544"}],"curies":[{"name":"wp","href":"https:\/\/api.w.org\/{rel}","templated":true}]}}