{"id":567,"date":"2024-07-12T19:24:53","date_gmt":"2024-07-12T19:24:53","guid":{"rendered":"https:\/\/lacuernadelciervo.com.mx\/?post_type=product&#038;p=567"},"modified":"2024-08-26T19:11:33","modified_gmt":"2024-08-26T19:11:33","slug":"la-danza-del-coyote","status":"publish","type":"product","link":"https:\/\/lacuernadelciervo.com.mx\/index.php\/producto\/la-danza-del-coyote\/","title":{"rendered":"La Danza del Coyote"},"content":{"rendered":"<p>Huesos y Dientes de Coyote<br \/>\nT\u00e9cnica: Blanqueado de Hueso<br \/>\nMateriales: Madera, alambre dorado y flores sint\u00e9ticas<br \/>\nDimensiones: 35 x 30 x 18 cm<br \/>\nPeso: 1.53 kg<br \/>\nFolio: LCA-053<br \/>\nA\u00f1o: 2022<br \/>\nColecci\u00f3n: \u00abLa Pureza de los Huesos\u00bb<br \/>\nSignificado de obra: Este nombre enfatiza la dualidad entre la vida y la muerte y c\u00f3mo ambas son parte esencial del viaje espiritual. Los huesos y dientes del coyote representan la muerte, mientras que las flores moradas evocan la vida espiritual y el alambre dorado simboliza la danza eterna entre estos dos aspectos de la existencia.<br \/>\nParticipaci\u00f3n en: 2022 Feria de Arte \u00abNoreste Art Fair\u00bb, Akadem, San Pedro Garza Garc\u00eda, Nuevo Le\u00f3n, M\u00e9xico, 2023 Exposici\u00f3n Individual \u00abResonancia Ancestral: Cr\u00e1neos y Huesos en el Arte\u00bb, Centro Cultural \u00abLa P\u00e9rgola\u00bb, San Nicol\u00e1s de los Garza, Nuevo Le\u00f3n. 2024 Bazar C\u00f3smico, Stock &amp; Woods, Carretera Nacional, Santiago, Nuevo Le\u00f3n.<br \/>\nPieza \u00fanica<\/p>\n<p>&nbsp;<\/p>\n<p>&nbsp;<\/p>\n","protected":false},"excerpt":{"rendered":"<p>Huesos y Dientes de Coyote T\u00e9cnica: Blanqueado de Hueso Materiales: Madera, alambre dorado y flores sint\u00e9ticas Dimensiones: 35 x 30 x 18 cm Peso: 1.53 kg Folio: LCA-053 A\u00f1o: 2022 Colecci\u00f3n: \u00abLa Pureza de los Huesos\u00bb Significado de obra: Este nombre enfatiza la dualidad entre la vida y la muerte y c\u00f3mo ambas son parte [&hellip;]<\/p>\n","protected":false},"featured_media":568,"comment_status":"open","ping_status":"closed","template":"","meta":{"_et_pb_use_builder":"","_et_pb_old_content":"","_et_gb_content_width":""},"product_brand":[],"product_cat":[19],"product_tag":[],"class_list":{"0":"post-567","1":"product","2":"type-product","3":"status-publish","4":"has-post-thumbnail","6":"product_cat-19","8":"first","9":"instock","10":"shipping-taxable","11":"product-type-simple"},"_links":{"self":[{"href":"https:\/\/lacuernadelciervo.com.mx\/index.php\/wp-json\/wp\/v2\/product\/567","targetHints":{"allow":["GET"]}}],"collection":[{"href":"https:\/\/lacuernadelciervo.com.mx\/index.php\/wp-json\/wp\/v2\/product"}],"about":[{"href":"https:\/\/lacuernadelciervo.com.mx\/index.php\/wp-json\/wp\/v2\/types\/product"}],"replies":[{"embeddable":true,"href":"https:\/\/lacuernadelciervo.com.mx\/index.php\/wp-json\/wp\/v2\/comments?post=567"}],"wp:featuredmedia":[{"embeddable":true,"href":"https:\/\/lacuernadelciervo.com.mx\/index.php\/wp-json\/wp\/v2\/media\/568"}],"wp:attachment":[{"href":"https:\/\/lacuernadelciervo.com.mx\/index.php\/wp-json\/wp\/v2\/media?parent=567"}],"wp:term":[{"taxonomy":"product_brand","embeddable":true,"href":"https:\/\/lacuernadelciervo.com.mx\/index.php\/wp-json\/wp\/v2\/product_brand?post=567"},{"taxonomy":"product_cat","embeddable":true,"href":"https:\/\/lacuernadelciervo.com.mx\/index.php\/wp-json\/wp\/v2\/product_cat?post=567"},{"taxonomy":"product_tag","embeddable":true,"href":"https:\/\/lacuernadelciervo.com.mx\/index.php\/wp-json\/wp\/v2\/product_tag?post=567"}],"curies":[{"name":"wp","href":"https:\/\/api.w.org\/{rel}","templated":true}]}}