{"id":592,"date":"2024-07-12T20:44:04","date_gmt":"2024-07-12T20:44:04","guid":{"rendered":"https:\/\/lacuernadelciervo.com.mx\/?post_type=product&#038;p=592"},"modified":"2024-07-12T21:08:33","modified_gmt":"2024-07-12T21:08:33","slug":"frida-cowhlo","status":"publish","type":"product","link":"https:\/\/lacuernadelciervo.com.mx\/index.php\/producto\/frida-cowhlo\/","title":{"rendered":"Frida Cowhlo"},"content":{"rendered":"<p>Cr\u00e1neo de Vaca<br \/>\nT\u00e9cnica: Mixta<br \/>\nMateriales: Vidrio, flores sint\u00e9ticas, tela de tul, aretes de tela, pedrer\u00eda Swarovski<br \/>\nDimensiones: 33 x 55 x 56 cm<br \/>\nPeso: 4.12 kg<br \/>\nFolio: LCA-046<br \/>\nA\u00f1o: 2021<br \/>\nColecci\u00f3n: \u00abNaturaleza Reimaginada\u00bb<br \/>\nSignificado de la obra: Esta obra rinde homenaje a la incomparable Frida Kahlo, quien a lo largo de su vida y obra personific\u00f3 la pasi\u00f3n, la autenticidad y la expresi\u00f3n art\u00edstica. Al transformar un cr\u00e1neo de vaca en una catrina, un s\u00edmbolo de la muerte y la transformaci\u00f3n en la cultura mexicana, esta obra celebra la vida y la muerte como aspectos intr\u00ednsecos del proceso creativo.<br \/>\nParticipaci\u00f3n en:<br \/>\n2021 Exposici\u00f3n Colectiva \u201cMatur-\u00e9\u201d que significa D\u00eda de Muertos en Chichimeca, Casa de la Cultura de San Pedro Garza Garc\u00eda, Nuevo Le\u00f3n, M\u00e9xico.<br \/>\n2021 y 2022 Feria de Arte \u00abNoreste Art Fair\u00bb, Akadem, San Pedro Garza Garc\u00eda, Nuevo Le\u00f3n, M\u00e9xico.<br \/>\n2023 Exposici\u00f3n Individual \u201cResonancia Ancestral: Cr\u00e1neos y Huesos en el Arte\u201c, Centro Cultural \u201cLa P\u00e9rgola\u201c, San Nicol\u00e1s de los Garza, Nuevo Le\u00f3n.<br \/>\nPieza \u00fanica<\/p>\n<p>&nbsp;<\/p>\n<p>&nbsp;<\/p>\n","protected":false},"excerpt":{"rendered":"<p>Cr\u00e1neo de Vaca T\u00e9cnica: Mixta Materiales: Vidrio, flores sint\u00e9ticas, tela de tul, aretes de tela, pedrer\u00eda Swarovski Dimensiones: 33 x 55 x 56 cm Peso: 4.12 kg Folio: LCA-046 A\u00f1o: 2021 Colecci\u00f3n: \u00abNaturaleza Reimaginada\u00bb Significado de la obra: Esta obra rinde homenaje a la incomparable Frida Kahlo, quien a lo largo de su vida y [&hellip;]<\/p>\n","protected":false},"featured_media":665,"comment_status":"open","ping_status":"closed","template":"","meta":{"_et_pb_use_builder":"","_et_pb_old_content":"","_et_gb_content_width":""},"product_brand":[],"product_cat":[18],"product_tag":[],"class_list":{"0":"post-592","1":"product","2":"type-product","3":"status-publish","4":"has-post-thumbnail","6":"product_cat-18","8":"first","9":"instock","10":"shipping-taxable","11":"product-type-simple"},"_links":{"self":[{"href":"https:\/\/lacuernadelciervo.com.mx\/index.php\/wp-json\/wp\/v2\/product\/592","targetHints":{"allow":["GET"]}}],"collection":[{"href":"https:\/\/lacuernadelciervo.com.mx\/index.php\/wp-json\/wp\/v2\/product"}],"about":[{"href":"https:\/\/lacuernadelciervo.com.mx\/index.php\/wp-json\/wp\/v2\/types\/product"}],"replies":[{"embeddable":true,"href":"https:\/\/lacuernadelciervo.com.mx\/index.php\/wp-json\/wp\/v2\/comments?post=592"}],"wp:featuredmedia":[{"embeddable":true,"href":"https:\/\/lacuernadelciervo.com.mx\/index.php\/wp-json\/wp\/v2\/media\/665"}],"wp:attachment":[{"href":"https:\/\/lacuernadelciervo.com.mx\/index.php\/wp-json\/wp\/v2\/media?parent=592"}],"wp:term":[{"taxonomy":"product_brand","embeddable":true,"href":"https:\/\/lacuernadelciervo.com.mx\/index.php\/wp-json\/wp\/v2\/product_brand?post=592"},{"taxonomy":"product_cat","embeddable":true,"href":"https:\/\/lacuernadelciervo.com.mx\/index.php\/wp-json\/wp\/v2\/product_cat?post=592"},{"taxonomy":"product_tag","embeddable":true,"href":"https:\/\/lacuernadelciervo.com.mx\/index.php\/wp-json\/wp\/v2\/product_tag?post=592"}],"curies":[{"name":"wp","href":"https:\/\/api.w.org\/{rel}","templated":true}]}}