{"id":735,"date":"2024-07-12T21:50:02","date_gmt":"2024-07-12T21:50:02","guid":{"rendered":"https:\/\/lacuernadelciervo.com.mx\/?post_type=product&#038;p=735"},"modified":"2024-08-24T00:40:09","modified_gmt":"2024-08-24T00:40:09","slug":"el-guardian-de-los-secretos","status":"publish","type":"product","link":"https:\/\/lacuernadelciervo.com.mx\/index.php\/producto\/el-guardian-de-los-secretos\/","title":{"rendered":"El guardi\u00e1n de los secretos"},"content":{"rendered":"<p>Cr\u00e1neo de jabal\u00ed<br \/>\nT\u00e9cnica: Blanqueado de hueso<br \/>\nMaterial: \u00c1gata azul<br \/>\nDimensiones: 30 x 25 x 28 cm<br \/>\nPeso: 2 kg<br \/>\nFolio: LCA-038<br \/>\nA\u00f1o: 2021<br \/>\nColecci\u00f3n: \u00abLa magia de los cuarzos\u00bb<br \/>\nSignificado de obra: El guardi\u00e1n de los secretos representa la convergencia de la fortaleza, la sabidur\u00eda y la protecci\u00f3n en un \u00fanico s\u00edmbolo art\u00edstico, donde el cr\u00e1neo de jabal\u00ed con \u00e1gatas azules se convierte en un protector de conocimientos y verdades ocultas, listo para guardar tus secretos y ser tu protector.<br \/>\nParticipaci\u00f3n en:<br \/>\n2021 y 2022 Feria de Arte \u00abNoreste Art Fair\u00bb, Akadem, San Pedro Garza Garc\u00eda, Nuevo Le\u00f3n, M\u00e9xico, 2023 Exposici\u00f3n Individual \u201cResonancia Ancestral: Cr\u00e1neos y Huesos en el Arte\u201c, Centro Cultural \u201cLa P\u00e9rgola\u201c, San Nicol\u00e1s de los Garza, Nuevo Le\u00f3n.<br \/>\nPieza \u00fanica<\/p>\n<p>&nbsp;<\/p>\n<p>&nbsp;<\/p>\n","protected":false},"excerpt":{"rendered":"<p>Cr\u00e1neo de jabal\u00ed T\u00e9cnica: Blanqueado de hueso Material: \u00c1gata azul Dimensiones: 30 x 25 x 28 cm Peso: 2 kg Folio: LCA-038 A\u00f1o: 2021 Colecci\u00f3n: \u00abLa magia de los cuarzos\u00bb Significado de obra: El guardi\u00e1n de los secretos representa la convergencia de la fortaleza, la sabidur\u00eda y la protecci\u00f3n en un \u00fanico s\u00edmbolo art\u00edstico, donde [&hellip;]<\/p>\n","protected":false},"featured_media":677,"comment_status":"open","ping_status":"closed","template":"","meta":{"_et_pb_use_builder":"","_et_pb_old_content":"","_et_gb_content_width":""},"product_brand":[],"product_cat":[18],"product_tag":[],"class_list":{"0":"post-735","1":"product","2":"type-product","3":"status-publish","4":"has-post-thumbnail","6":"product_cat-18","8":"first","9":"instock","10":"shipping-taxable","11":"product-type-simple"},"_links":{"self":[{"href":"https:\/\/lacuernadelciervo.com.mx\/index.php\/wp-json\/wp\/v2\/product\/735","targetHints":{"allow":["GET"]}}],"collection":[{"href":"https:\/\/lacuernadelciervo.com.mx\/index.php\/wp-json\/wp\/v2\/product"}],"about":[{"href":"https:\/\/lacuernadelciervo.com.mx\/index.php\/wp-json\/wp\/v2\/types\/product"}],"replies":[{"embeddable":true,"href":"https:\/\/lacuernadelciervo.com.mx\/index.php\/wp-json\/wp\/v2\/comments?post=735"}],"wp:featuredmedia":[{"embeddable":true,"href":"https:\/\/lacuernadelciervo.com.mx\/index.php\/wp-json\/wp\/v2\/media\/677"}],"wp:attachment":[{"href":"https:\/\/lacuernadelciervo.com.mx\/index.php\/wp-json\/wp\/v2\/media?parent=735"}],"wp:term":[{"taxonomy":"product_brand","embeddable":true,"href":"https:\/\/lacuernadelciervo.com.mx\/index.php\/wp-json\/wp\/v2\/product_brand?post=735"},{"taxonomy":"product_cat","embeddable":true,"href":"https:\/\/lacuernadelciervo.com.mx\/index.php\/wp-json\/wp\/v2\/product_cat?post=735"},{"taxonomy":"product_tag","embeddable":true,"href":"https:\/\/lacuernadelciervo.com.mx\/index.php\/wp-json\/wp\/v2\/product_tag?post=735"}],"curies":[{"name":"wp","href":"https:\/\/api.w.org\/{rel}","templated":true}]}}