{"id":736,"date":"2024-07-12T21:51:28","date_gmt":"2024-07-12T21:51:28","guid":{"rendered":"https:\/\/lacuernadelciervo.com.mx\/?post_type=product&#038;p=736"},"modified":"2024-08-24T00:23:32","modified_gmt":"2024-08-24T00:23:32","slug":"equilibrio-espiritual-y-terrenal","status":"publish","type":"product","link":"https:\/\/lacuernadelciervo.com.mx\/index.php\/producto\/equilibrio-espiritual-y-terrenal\/","title":{"rendered":"Equilibrio espiritual y terrenal"},"content":{"rendered":"<p>Cr\u00e1neo de venado<br \/>\nT\u00e9cnica: Huichol<br \/>\nDimensiones: 40 x 53 x 44 cm<br \/>\nPeso: 2.5 kg<br \/>\nFolio: LCA-037<br \/>\nA\u00f1o: 2021<br \/>\nColecci\u00f3n: \u00abVida y Arte Huichol\u00bb<br \/>\nSignificado de obra: Esta obra representa la uni\u00f3n de lo divino y lo humano, la dualidad y la armon\u00eda. Simboliza el equilibrio entre fuerzas opuestas y la interconexi\u00f3n entre el cielo y la tierra. En conjunto, la obra representa la b\u00fasqueda de equilibrio entre lo espiritual y lo terrenal, as\u00ed como la integraci\u00f3n de diferentes aspectos de la vida.<br \/>\nParticipaci\u00f3n en:<br \/>\n2021 y 2022 Feria de Arte \u00abNoreste Art Fair\u00bb, Akadem, San Pedro Garza Garc\u00eda, Nuevo Le\u00f3n, M\u00e9xico, 2023 Exposici\u00f3n Individual \u201cResonancia Ancestral: Cr\u00e1neos y Huesos en el Arte\u201c, Centro Cultural \u201cLa P\u00e9rgola\u201c, San Nicol\u00e1s de los Garza, Nuevo Le\u00f3n.<br \/>\nPieza \u00fanica<\/p>\n<p>&nbsp;<\/p>\n<p>&nbsp;<\/p>\n","protected":false},"excerpt":{"rendered":"<p>Cr\u00e1neo de venado T\u00e9cnica: Huichol Dimensiones: 40 x 53 x 44 cm Peso: 2.5 kg Folio: LCA-037 A\u00f1o: 2021 Colecci\u00f3n: \u00abVida y Arte Huichol\u00bb Significado de obra: Esta obra representa la uni\u00f3n de lo divino y lo humano, la dualidad y la armon\u00eda. Simboliza el equilibrio entre fuerzas opuestas y la interconexi\u00f3n entre el cielo [&hellip;]<\/p>\n","protected":false},"featured_media":701,"comment_status":"open","ping_status":"closed","template":"","meta":{"_et_pb_use_builder":"","_et_pb_old_content":"","_et_gb_content_width":""},"product_brand":[],"product_cat":[18],"product_tag":[],"class_list":{"0":"post-736","1":"product","2":"type-product","3":"status-publish","4":"has-post-thumbnail","6":"product_cat-18","8":"first","9":"instock","10":"shipping-taxable","11":"product-type-simple"},"_links":{"self":[{"href":"https:\/\/lacuernadelciervo.com.mx\/index.php\/wp-json\/wp\/v2\/product\/736","targetHints":{"allow":["GET"]}}],"collection":[{"href":"https:\/\/lacuernadelciervo.com.mx\/index.php\/wp-json\/wp\/v2\/product"}],"about":[{"href":"https:\/\/lacuernadelciervo.com.mx\/index.php\/wp-json\/wp\/v2\/types\/product"}],"replies":[{"embeddable":true,"href":"https:\/\/lacuernadelciervo.com.mx\/index.php\/wp-json\/wp\/v2\/comments?post=736"}],"wp:featuredmedia":[{"embeddable":true,"href":"https:\/\/lacuernadelciervo.com.mx\/index.php\/wp-json\/wp\/v2\/media\/701"}],"wp:attachment":[{"href":"https:\/\/lacuernadelciervo.com.mx\/index.php\/wp-json\/wp\/v2\/media?parent=736"}],"wp:term":[{"taxonomy":"product_brand","embeddable":true,"href":"https:\/\/lacuernadelciervo.com.mx\/index.php\/wp-json\/wp\/v2\/product_brand?post=736"},{"taxonomy":"product_cat","embeddable":true,"href":"https:\/\/lacuernadelciervo.com.mx\/index.php\/wp-json\/wp\/v2\/product_cat?post=736"},{"taxonomy":"product_tag","embeddable":true,"href":"https:\/\/lacuernadelciervo.com.mx\/index.php\/wp-json\/wp\/v2\/product_tag?post=736"}],"curies":[{"name":"wp","href":"https:\/\/api.w.org\/{rel}","templated":true}]}}