{"id":745,"date":"2024-07-12T22:02:40","date_gmt":"2024-07-12T22:02:40","guid":{"rendered":"https:\/\/lacuernadelciervo.com.mx\/?post_type=product&#038;p=745"},"modified":"2024-08-24T00:09:56","modified_gmt":"2024-08-24T00:09:56","slug":"tuki-tuki","status":"publish","type":"product","link":"https:\/\/lacuernadelciervo.com.mx\/index.php\/producto\/tuki-tuki\/","title":{"rendered":"Tuki Tuki"},"content":{"rendered":"<p>Esqueleto de tuc\u00e1n<br \/>\nT\u00e9cnica: Blanqueado de hueso<br \/>\nMateriales: Pintura acr\u00edlica, plumas sint\u00e9ticas, marco de madera con capelo<br \/>\nDimensiones: 53 x 45 x 29 cm<br \/>\nPeso: 3.5 kg<br \/>\nFolio: LCA-029<br \/>\nA\u00f1o: 2021<br \/>\nColecci\u00f3n: \u00abLa Pureza de los Huesos\u00bb<br \/>\nSignificado de obra: \u00abTuki Tuki\u00bb captura la esencia m\u00e1gica y vibrante de la vida en el bosque a trav\u00e9s de la representaci\u00f3n de un esqueleto de tuc\u00e1n, celebrando la diversidad y la interconexi\u00f3n de todas las formas de vida en el ecosistema del bosque.<br \/>\nParticipaci\u00f3n en:<br \/>\n2021 y 2022 Feria de Arte \u00abNoreste Art Fair\u00bb, Akadem, San Pedro Garza Garc\u00eda, Nuevo Le\u00f3n, M\u00e9xico.<br \/>\nPieza \u00fanica<\/p>\n<p>&nbsp;<\/p>\n","protected":false},"excerpt":{"rendered":"<p>Esqueleto de tuc\u00e1n T\u00e9cnica: Blanqueado de hueso Materiales: Pintura acr\u00edlica, plumas sint\u00e9ticas, marco de madera con capelo Dimensiones: 53 x 45 x 29 cm Peso: 3.5 kg Folio: LCA-029 A\u00f1o: 2021 Colecci\u00f3n: \u00abLa Pureza de los Huesos\u00bb Significado de obra: \u00abTuki Tuki\u00bb captura la esencia m\u00e1gica y vibrante de la vida en el bosque a [&hellip;]<\/p>\n","protected":false},"featured_media":657,"comment_status":"open","ping_status":"closed","template":"","meta":{"_et_pb_use_builder":"","_et_pb_old_content":"","_et_gb_content_width":""},"product_brand":[],"product_cat":[18],"product_tag":[],"class_list":{"0":"post-745","1":"product","2":"type-product","3":"status-publish","4":"has-post-thumbnail","6":"product_cat-18","8":"first","9":"instock","10":"shipping-taxable","11":"product-type-simple"},"_links":{"self":[{"href":"https:\/\/lacuernadelciervo.com.mx\/index.php\/wp-json\/wp\/v2\/product\/745","targetHints":{"allow":["GET"]}}],"collection":[{"href":"https:\/\/lacuernadelciervo.com.mx\/index.php\/wp-json\/wp\/v2\/product"}],"about":[{"href":"https:\/\/lacuernadelciervo.com.mx\/index.php\/wp-json\/wp\/v2\/types\/product"}],"replies":[{"embeddable":true,"href":"https:\/\/lacuernadelciervo.com.mx\/index.php\/wp-json\/wp\/v2\/comments?post=745"}],"wp:featuredmedia":[{"embeddable":true,"href":"https:\/\/lacuernadelciervo.com.mx\/index.php\/wp-json\/wp\/v2\/media\/657"}],"wp:attachment":[{"href":"https:\/\/lacuernadelciervo.com.mx\/index.php\/wp-json\/wp\/v2\/media?parent=745"}],"wp:term":[{"taxonomy":"product_brand","embeddable":true,"href":"https:\/\/lacuernadelciervo.com.mx\/index.php\/wp-json\/wp\/v2\/product_brand?post=745"},{"taxonomy":"product_cat","embeddable":true,"href":"https:\/\/lacuernadelciervo.com.mx\/index.php\/wp-json\/wp\/v2\/product_cat?post=745"},{"taxonomy":"product_tag","embeddable":true,"href":"https:\/\/lacuernadelciervo.com.mx\/index.php\/wp-json\/wp\/v2\/product_tag?post=745"}],"curies":[{"name":"wp","href":"https:\/\/api.w.org\/{rel}","templated":true}]}}