{"id":747,"date":"2024-07-12T22:05:13","date_gmt":"2024-07-12T22:05:13","guid":{"rendered":"https:\/\/lacuernadelciervo.com.mx\/?post_type=product&#038;p=747"},"modified":"2024-08-24T00:08:22","modified_gmt":"2024-08-24T00:08:22","slug":"constelacion","status":"publish","type":"product","link":"https:\/\/lacuernadelciervo.com.mx\/index.php\/producto\/constelacion\/","title":{"rendered":"Constelaci\u00f3n"},"content":{"rendered":"<p>Cr\u00e1neo de jabal\u00ed<br \/>\nT\u00e9cnica: Mixta<br \/>\nMateriales: Aerosol, plastilina ep\u00f3xica y punta de cuarzo<br \/>\nDimensiones: 23 x 21 x 40 cm<br \/>\nPeso: 808 g<br \/>\nFolio: LCA-028<br \/>\nA\u00f1o: 2021<br \/>\nColecci\u00f3n: \u00abLa Magia de los Cuarzos\u00bb<br \/>\nSignificado de obra: El jabal\u00ed como animal espiritual est\u00e1 asociado con la energ\u00eda de la tierra y la capacidad de encontrar recursos y sustento en entornos desafiantes.<br \/>\nParticipaci\u00f3n en:<br \/>\n2021 y 2022 Feria de Arte \u00abNoreste Art Fair\u00bb, Akadem, San Pedro Garza Garc\u00eda, Nuevo Le\u00f3n, M\u00e9xico. 2023 Exposici\u00f3n Individual \u201cResonancia Ancestral: Cr\u00e1neos y Huesos en el Arte\u201c, Centro Cultural \u201cLa P\u00e9rgola\u201c, San Nicol\u00e1s de los Garza, Nuevo Le\u00f3n.<br \/>\nPieza \u00fanica<\/p>\n<p>&nbsp;<\/p>\n","protected":false},"excerpt":{"rendered":"<p>Cr\u00e1neo de jabal\u00ed T\u00e9cnica: Mixta Materiales: Aerosol, plastilina ep\u00f3xica y punta de cuarzo Dimensiones: 23 x 21 x 40 cm Peso: 808 g Folio: LCA-028 A\u00f1o: 2021 Colecci\u00f3n: \u00abLa Magia de los Cuarzos\u00bb Significado de obra: El jabal\u00ed como animal espiritual est\u00e1 asociado con la energ\u00eda de la tierra y la capacidad de encontrar recursos [&hellip;]<\/p>\n","protected":false},"featured_media":676,"comment_status":"open","ping_status":"closed","template":"","meta":{"_et_pb_use_builder":"","_et_pb_old_content":"","_et_gb_content_width":""},"product_brand":[],"product_cat":[18],"product_tag":[],"class_list":{"0":"post-747","1":"product","2":"type-product","3":"status-publish","4":"has-post-thumbnail","6":"product_cat-18","8":"first","9":"instock","10":"shipping-taxable","11":"product-type-simple"},"_links":{"self":[{"href":"https:\/\/lacuernadelciervo.com.mx\/index.php\/wp-json\/wp\/v2\/product\/747","targetHints":{"allow":["GET"]}}],"collection":[{"href":"https:\/\/lacuernadelciervo.com.mx\/index.php\/wp-json\/wp\/v2\/product"}],"about":[{"href":"https:\/\/lacuernadelciervo.com.mx\/index.php\/wp-json\/wp\/v2\/types\/product"}],"replies":[{"embeddable":true,"href":"https:\/\/lacuernadelciervo.com.mx\/index.php\/wp-json\/wp\/v2\/comments?post=747"}],"wp:featuredmedia":[{"embeddable":true,"href":"https:\/\/lacuernadelciervo.com.mx\/index.php\/wp-json\/wp\/v2\/media\/676"}],"wp:attachment":[{"href":"https:\/\/lacuernadelciervo.com.mx\/index.php\/wp-json\/wp\/v2\/media?parent=747"}],"wp:term":[{"taxonomy":"product_brand","embeddable":true,"href":"https:\/\/lacuernadelciervo.com.mx\/index.php\/wp-json\/wp\/v2\/product_brand?post=747"},{"taxonomy":"product_cat","embeddable":true,"href":"https:\/\/lacuernadelciervo.com.mx\/index.php\/wp-json\/wp\/v2\/product_cat?post=747"},{"taxonomy":"product_tag","embeddable":true,"href":"https:\/\/lacuernadelciervo.com.mx\/index.php\/wp-json\/wp\/v2\/product_tag?post=747"}],"curies":[{"name":"wp","href":"https:\/\/api.w.org\/{rel}","templated":true}]}}