{"id":829,"date":"2024-07-12T23:51:31","date_gmt":"2024-07-12T23:51:31","guid":{"rendered":"https:\/\/lacuernadelciervo.com.mx\/?post_type=product&#038;p=829"},"modified":"2024-07-12T23:52:36","modified_gmt":"2024-07-12T23:52:36","slug":"spirit","status":"publish","type":"product","link":"https:\/\/lacuernadelciervo.com.mx\/index.php\/producto\/spirit\/","title":{"rendered":"Spirit"},"content":{"rendered":"<p>Cornamenta de Venado<br \/>\nT\u00e9cnica: Mixta<br \/>\nMateriales: Aerosol, madera petrificada, cuarzos, \u00e1gata cornalina naranja y madera<br \/>\nDimensiones: 33 x 56 x 29 cm<br \/>\nPeso: 1.40 kg<br \/>\nFolio: LCA-019<br \/>\nA\u00f1o: 2020<br \/>\nColecci\u00f3n: \u00abCOVID-19 Pandemic\u00bb<br \/>\nSignificado de la obra: El venado simboliza la fuerza, virilidad y renovaci\u00f3n. La \u00e1gata cornalina se asocia con la toma de acci\u00f3n audaz y estimula el chakra de la ra\u00edz, ayudando a circular la energ\u00eda vital.<br \/>\nParticipaci\u00f3n en:<br \/>\n2021 y 2022 Feria de Arte \u00abNoreste Art Fair\u00bb Akadem, San Pedro Garza Garc\u00eda, Nuevo Le\u00f3n, M\u00e9xico<br \/>\n2023 Exposici\u00f3n Colectiva \u00abCausartt\u00bb, Club Alpino Chipinque, San Pedro Garza Garc\u00eda, Nuevo Le\u00f3n, M\u00e9xico<br \/>\n2023 Exposici\u00f3n Individual \u201cResonancia Ancestral: Cr\u00e1neos y Huesos en el Arte\u201c, Centro Cultural \u201cLa P\u00e9rgola\u201c, San Nicol\u00e1s de los Garza, Nuevo Le\u00f3n<br \/>\nPieza \u00fanica<\/p>\n","protected":false},"excerpt":{"rendered":"<p>Cornamenta de Venado T\u00e9cnica: Mixta Materiales: Aerosol, madera petrificada, cuarzos, \u00e1gata cornalina naranja y madera Dimensiones: 33 x 56 x 29 cm Peso: 1.40 kg Folio: LCA-019 A\u00f1o: 2020 Colecci\u00f3n: \u00abCOVID-19 Pandemic\u00bb Significado de la obra: El venado simboliza la fuerza, virilidad y renovaci\u00f3n. La \u00e1gata cornalina se asocia con la toma de acci\u00f3n audaz [&hellip;]<\/p>\n","protected":false},"featured_media":782,"comment_status":"open","ping_status":"closed","template":"","meta":{"_et_pb_use_builder":"","_et_pb_old_content":"","_et_gb_content_width":""},"product_brand":[],"product_cat":[17],"product_tag":[],"class_list":{"0":"post-829","1":"product","2":"type-product","3":"status-publish","4":"has-post-thumbnail","6":"product_cat-17","8":"first","9":"instock","10":"shipping-taxable","11":"product-type-simple"},"_links":{"self":[{"href":"https:\/\/lacuernadelciervo.com.mx\/index.php\/wp-json\/wp\/v2\/product\/829","targetHints":{"allow":["GET"]}}],"collection":[{"href":"https:\/\/lacuernadelciervo.com.mx\/index.php\/wp-json\/wp\/v2\/product"}],"about":[{"href":"https:\/\/lacuernadelciervo.com.mx\/index.php\/wp-json\/wp\/v2\/types\/product"}],"replies":[{"embeddable":true,"href":"https:\/\/lacuernadelciervo.com.mx\/index.php\/wp-json\/wp\/v2\/comments?post=829"}],"wp:featuredmedia":[{"embeddable":true,"href":"https:\/\/lacuernadelciervo.com.mx\/index.php\/wp-json\/wp\/v2\/media\/782"}],"wp:attachment":[{"href":"https:\/\/lacuernadelciervo.com.mx\/index.php\/wp-json\/wp\/v2\/media?parent=829"}],"wp:term":[{"taxonomy":"product_brand","embeddable":true,"href":"https:\/\/lacuernadelciervo.com.mx\/index.php\/wp-json\/wp\/v2\/product_brand?post=829"},{"taxonomy":"product_cat","embeddable":true,"href":"https:\/\/lacuernadelciervo.com.mx\/index.php\/wp-json\/wp\/v2\/product_cat?post=829"},{"taxonomy":"product_tag","embeddable":true,"href":"https:\/\/lacuernadelciervo.com.mx\/index.php\/wp-json\/wp\/v2\/product_tag?post=829"}],"curies":[{"name":"wp","href":"https:\/\/api.w.org\/{rel}","templated":true}]}}