{"id":832,"date":"2024-07-12T23:52:57","date_gmt":"2024-07-12T23:52:57","guid":{"rendered":"https:\/\/lacuernadelciervo.com.mx\/?post_type=product&#038;p=832"},"modified":"2024-07-15T23:21:31","modified_gmt":"2024-07-15T23:21:31","slug":"reencarnacion-de-un-diamante-covid","status":"publish","type":"product","link":"https:\/\/lacuernadelciervo.com.mx\/index.php\/producto\/reencarnacion-de-un-diamante-covid\/","title":{"rendered":"Reencarnaci\u00f3n de un Diamante COVID"},"content":{"rendered":"<p>Cr\u00e1neo de Puma<br \/>\nT\u00e9cnica: Mixta<br \/>\nMateriales: Aerosol, plastilina ep\u00f3xica y punta de cuarzo<br \/>\nDimensiones: 19 x 16 x 22 cm<br \/>\nPeso: 452 g<br \/>\nFolio: LCA-018<br \/>\nA\u00f1o: 2020<br \/>\nColecci\u00f3n: \u00abCOVID-19 Pandemic\u00bb<br \/>\nSignificado de la obra: El puma simboliza el equilibrio entre el poder, el liderazgo y la fuerza. La obra sugiere resiliencia y transformaci\u00f3n inspiradoras en medio de la adversidad, destacando la capacidad del ser humano para encontrar su fuerza interna y liderar con determinaci\u00f3n en momentos de crisis.<br \/>\nParticipaci\u00f3n en:<br \/>\n2021 y 2022 Feria de Arte \u00abNoreste Art Fair\u00bb Akadem, San Pedro Garza Garc\u00eda, Nuevo Le\u00f3n, M\u00e9xico<br \/>\n2022 Exposici\u00f3n Colectiva \u00abUnidas por el Arte\u00bb 6ta Edici\u00f3n \/ Re-configu-arte, Biblioteca Universitaria \u00abRa\u00fal Rangel Fr\u00edas\u00bb, Monterrey, Nuevo Le\u00f3n, M\u00e9xico<br \/>\n2023 Exposici\u00f3n Individual \u201cResonancia Ancestral: Cr\u00e1neos y Huesos en el Arte\u201c, Centro Cultural \u201cLa P\u00e9rgola\u201c, San Nicol\u00e1s de los Garza, Nuevo Le\u00f3n<br \/>\nPieza \u00fanica<\/p>\n<p>&nbsp;<\/p>\n","protected":false},"excerpt":{"rendered":"<p>Cr\u00e1neo de Puma T\u00e9cnica: Mixta Materiales: Aerosol, plastilina ep\u00f3xica y punta de cuarzo Dimensiones: 19 x 16 x 22 cm Peso: 452 g Folio: LCA-018 A\u00f1o: 2020 Colecci\u00f3n: \u00abCOVID-19 Pandemic\u00bb Significado de la obra: El puma simboliza el equilibrio entre el poder, el liderazgo y la fuerza. La obra sugiere resiliencia y transformaci\u00f3n inspiradoras en [&hellip;]<\/p>\n","protected":false},"featured_media":780,"comment_status":"open","ping_status":"closed","template":"","meta":{"_et_pb_use_builder":"","_et_pb_old_content":"","_et_gb_content_width":""},"product_brand":[],"product_cat":[17],"product_tag":[],"class_list":{"0":"post-832","1":"product","2":"type-product","3":"status-publish","4":"has-post-thumbnail","6":"product_cat-17","8":"first","9":"instock","10":"shipping-taxable","11":"product-type-simple"},"_links":{"self":[{"href":"https:\/\/lacuernadelciervo.com.mx\/index.php\/wp-json\/wp\/v2\/product\/832","targetHints":{"allow":["GET"]}}],"collection":[{"href":"https:\/\/lacuernadelciervo.com.mx\/index.php\/wp-json\/wp\/v2\/product"}],"about":[{"href":"https:\/\/lacuernadelciervo.com.mx\/index.php\/wp-json\/wp\/v2\/types\/product"}],"replies":[{"embeddable":true,"href":"https:\/\/lacuernadelciervo.com.mx\/index.php\/wp-json\/wp\/v2\/comments?post=832"}],"wp:featuredmedia":[{"embeddable":true,"href":"https:\/\/lacuernadelciervo.com.mx\/index.php\/wp-json\/wp\/v2\/media\/780"}],"wp:attachment":[{"href":"https:\/\/lacuernadelciervo.com.mx\/index.php\/wp-json\/wp\/v2\/media?parent=832"}],"wp:term":[{"taxonomy":"product_brand","embeddable":true,"href":"https:\/\/lacuernadelciervo.com.mx\/index.php\/wp-json\/wp\/v2\/product_brand?post=832"},{"taxonomy":"product_cat","embeddable":true,"href":"https:\/\/lacuernadelciervo.com.mx\/index.php\/wp-json\/wp\/v2\/product_cat?post=832"},{"taxonomy":"product_tag","embeddable":true,"href":"https:\/\/lacuernadelciervo.com.mx\/index.php\/wp-json\/wp\/v2\/product_tag?post=832"}],"curies":[{"name":"wp","href":"https:\/\/api.w.org\/{rel}","templated":true}]}}