{"id":840,"date":"2024-07-12T23:57:30","date_gmt":"2024-07-12T23:57:30","guid":{"rendered":"https:\/\/lacuernadelciervo.com.mx\/?post_type=product&#038;p=840"},"modified":"2024-07-15T23:19:09","modified_gmt":"2024-07-15T23:19:09","slug":"adventure-351","status":"publish","type":"product","link":"https:\/\/lacuernadelciervo.com.mx\/index.php\/producto\/adventure-351\/","title":{"rendered":"Adventure 351"},"content":{"rendered":"<p>Cr\u00e1neo de Jabal\u00ed<br \/>\nT\u00e9cnica: Mixta<br \/>\nMateriales: Aerosol, plastilina ep\u00f3xica y punta de cuarzo<br \/>\nDimensiones: 18 x 15 x 33 cm<br \/>\nPeso: 656 g<br \/>\nFolio: LCA-016<br \/>\nA\u00f1o: 2020<br \/>\nColecci\u00f3n: \u00abCOVID-19 Pandemic\u00bb<br \/>\nSignificado de la obra: El jabal\u00ed representa la aventura, la fuerza y la protecci\u00f3n. Las puntas de cuarzo se consideran capaces de eliminar malas vibraciones y renovar la energ\u00eda de las personas.<br \/>\nParticipaci\u00f3n en:<br \/>\n2021 y 2022 Feria de Arte \u00abNoreste Art Fair\u00bb Akadem, San Pedro Garza Garc\u00eda, Nuevo Le\u00f3n, M\u00e9xico<br \/>\n2023 Exposici\u00f3n Individual \u201cResonancia Ancestral: Cr\u00e1neos y Huesos en el Arte\u201c, Centro Cultural \u201cLa P\u00e9rgola\u201c, San Nicol\u00e1s de los Garza, Nuevo Le\u00f3n<br \/>\nPieza \u00fanica<\/p>\n","protected":false},"excerpt":{"rendered":"<p>Cr\u00e1neo de Jabal\u00ed T\u00e9cnica: Mixta Materiales: Aerosol, plastilina ep\u00f3xica y punta de cuarzo Dimensiones: 18 x 15 x 33 cm Peso: 656 g Folio: LCA-016 A\u00f1o: 2020 Colecci\u00f3n: \u00abCOVID-19 Pandemic\u00bb Significado de la obra: El jabal\u00ed representa la aventura, la fuerza y la protecci\u00f3n. Las puntas de cuarzo se consideran capaces de eliminar malas vibraciones [&hellip;]<\/p>\n","protected":false},"featured_media":789,"comment_status":"open","ping_status":"closed","template":"","meta":{"_et_pb_use_builder":"","_et_pb_old_content":"","_et_gb_content_width":""},"product_brand":[],"product_cat":[17],"product_tag":[],"class_list":{"0":"post-840","1":"product","2":"type-product","3":"status-publish","4":"has-post-thumbnail","6":"product_cat-17","8":"first","9":"instock","10":"shipping-taxable","11":"product-type-simple"},"_links":{"self":[{"href":"https:\/\/lacuernadelciervo.com.mx\/index.php\/wp-json\/wp\/v2\/product\/840","targetHints":{"allow":["GET"]}}],"collection":[{"href":"https:\/\/lacuernadelciervo.com.mx\/index.php\/wp-json\/wp\/v2\/product"}],"about":[{"href":"https:\/\/lacuernadelciervo.com.mx\/index.php\/wp-json\/wp\/v2\/types\/product"}],"replies":[{"embeddable":true,"href":"https:\/\/lacuernadelciervo.com.mx\/index.php\/wp-json\/wp\/v2\/comments?post=840"}],"wp:featuredmedia":[{"embeddable":true,"href":"https:\/\/lacuernadelciervo.com.mx\/index.php\/wp-json\/wp\/v2\/media\/789"}],"wp:attachment":[{"href":"https:\/\/lacuernadelciervo.com.mx\/index.php\/wp-json\/wp\/v2\/media?parent=840"}],"wp:term":[{"taxonomy":"product_brand","embeddable":true,"href":"https:\/\/lacuernadelciervo.com.mx\/index.php\/wp-json\/wp\/v2\/product_brand?post=840"},{"taxonomy":"product_cat","embeddable":true,"href":"https:\/\/lacuernadelciervo.com.mx\/index.php\/wp-json\/wp\/v2\/product_cat?post=840"},{"taxonomy":"product_tag","embeddable":true,"href":"https:\/\/lacuernadelciervo.com.mx\/index.php\/wp-json\/wp\/v2\/product_tag?post=840"}],"curies":[{"name":"wp","href":"https:\/\/api.w.org\/{rel}","templated":true}]}}