{"id":851,"date":"2024-07-13T00:02:22","date_gmt":"2024-07-13T00:02:22","guid":{"rendered":"https:\/\/lacuernadelciervo.com.mx\/?post_type=product&#038;p=851"},"modified":"2024-07-15T23:16:09","modified_gmt":"2024-07-15T23:16:09","slug":"el-sol-la-vida-y-la-muerte","status":"publish","type":"product","link":"https:\/\/lacuernadelciervo.com.mx\/index.php\/producto\/el-sol-la-vida-y-la-muerte\/","title":{"rendered":"El Sol, la Vida y la Muerte"},"content":{"rendered":"<p>Cornamenta de Venado<br \/>\nT\u00e9cnica: Blanqueado de hueso<br \/>\nMateriales: Madera<br \/>\nDimensiones: 48 x 64 x 36 cm<br \/>\nPeso: 1.75 kg<br \/>\nFolio: LCA-013<br \/>\nA\u00f1o: 2020<br \/>\nColecci\u00f3n: \u00abCOVID-19 Pandemic\u00bb<br \/>\nSignificado de la obra: La cornamenta del venado, renovada cada a\u00f1o, simboliza la renovaci\u00f3n y el crecimiento constante. Refleja la necesidad de soltar lo que ya no nos sirve y permitir nuevas experiencias y conocimientos en nuestras vidas.<br \/>\nParticipaci\u00f3n en:<br \/>\n2021 y 2022 Feria de Arte \u00abNoreste Art Fair\u00bb Akadem, San Pedro Garza Garc\u00eda, Nuevo Le\u00f3n, M\u00e9xico<br \/>\nPieza \u00fanica<\/p>\n","protected":false},"excerpt":{"rendered":"<p>Cornamenta de Venado T\u00e9cnica: Blanqueado de hueso Materiales: Madera Dimensiones: 48 x 64 x 36 cm Peso: 1.75 kg Folio: LCA-013 A\u00f1o: 2020 Colecci\u00f3n: \u00abCOVID-19 Pandemic\u00bb Significado de la obra: La cornamenta del venado, renovada cada a\u00f1o, simboliza la renovaci\u00f3n y el crecimiento constante. Refleja la necesidad de soltar lo que ya no nos sirve [&hellip;]<\/p>\n","protected":false},"featured_media":772,"comment_status":"open","ping_status":"closed","template":"","meta":{"_et_pb_use_builder":"","_et_pb_old_content":"","_et_gb_content_width":""},"product_brand":[],"product_cat":[17],"product_tag":[],"class_list":{"0":"post-851","1":"product","2":"type-product","3":"status-publish","4":"has-post-thumbnail","6":"product_cat-17","8":"first","9":"instock","10":"shipping-taxable","11":"product-type-simple"},"_links":{"self":[{"href":"https:\/\/lacuernadelciervo.com.mx\/index.php\/wp-json\/wp\/v2\/product\/851","targetHints":{"allow":["GET"]}}],"collection":[{"href":"https:\/\/lacuernadelciervo.com.mx\/index.php\/wp-json\/wp\/v2\/product"}],"about":[{"href":"https:\/\/lacuernadelciervo.com.mx\/index.php\/wp-json\/wp\/v2\/types\/product"}],"replies":[{"embeddable":true,"href":"https:\/\/lacuernadelciervo.com.mx\/index.php\/wp-json\/wp\/v2\/comments?post=851"}],"wp:featuredmedia":[{"embeddable":true,"href":"https:\/\/lacuernadelciervo.com.mx\/index.php\/wp-json\/wp\/v2\/media\/772"}],"wp:attachment":[{"href":"https:\/\/lacuernadelciervo.com.mx\/index.php\/wp-json\/wp\/v2\/media?parent=851"}],"wp:term":[{"taxonomy":"product_brand","embeddable":true,"href":"https:\/\/lacuernadelciervo.com.mx\/index.php\/wp-json\/wp\/v2\/product_brand?post=851"},{"taxonomy":"product_cat","embeddable":true,"href":"https:\/\/lacuernadelciervo.com.mx\/index.php\/wp-json\/wp\/v2\/product_cat?post=851"},{"taxonomy":"product_tag","embeddable":true,"href":"https:\/\/lacuernadelciervo.com.mx\/index.php\/wp-json\/wp\/v2\/product_tag?post=851"}],"curies":[{"name":"wp","href":"https:\/\/api.w.org\/{rel}","templated":true}]}}