{"id":859,"date":"2024-07-13T00:21:42","date_gmt":"2024-07-13T00:21:42","guid":{"rendered":"https:\/\/lacuernadelciervo.com.mx\/?post_type=product&#038;p=859"},"modified":"2024-07-15T23:08:14","modified_gmt":"2024-07-15T23:08:14","slug":"la-cuerna-del-ciervo","status":"publish","type":"product","link":"https:\/\/lacuernadelciervo.com.mx\/index.php\/producto\/la-cuerna-del-ciervo\/","title":{"rendered":"La Cuerna del Ciervo"},"content":{"rendered":"<p>Cr\u00e1neo de venado<br \/>\nT\u00e9cnica: Mixta<br \/>\nMateriales: Aerosol con anillos de oro y plata en base de madera<br \/>\nDimensiones: 33 x 45 x 60 cm<br \/>\nPeso: 1.6 kg<br \/>\nFolio: LCA-002<br \/>\nA\u00f1o: 2020<br \/>\nColecci\u00f3n: \u00abCOVID-19 Pandemic\u00bb<br \/>\nSignificado de la obra: El venado simboliza la conexi\u00f3n con la naturaleza y el mundo espiritual. Su gracia y agilidad reflejan la capacidad de fluir con los ciclos de la vida y adaptarse a las circunstancias.<br \/>\nParticipaci\u00f3n en:<br \/>\n2021 y 2022 Feria de Arte \u00abNoreste Art Fair\u00bb Akadem, San Pedro Garza Garc\u00eda, Nuevo Le\u00f3n, M\u00e9xico<br \/>\n2023 Exposici\u00f3n Individual \u201cResonancia Ancestral: Cr\u00e1neos y Huesos en el Arte\u201c, Centro Cultural \u201cLa P\u00e9rgola\u201c, San Nicol\u00e1s de los Garza, Nuevo Le\u00f3<\/p>\n","protected":false},"excerpt":{"rendered":"<p>Cr\u00e1neo de venado T\u00e9cnica: Mixta Materiales: Aerosol con anillos de oro y plata en base de madera Dimensiones: 33 x 45 x 60 cm Peso: 1.6 kg Folio: LCA-002 A\u00f1o: 2020 Colecci\u00f3n: \u00abCOVID-19 Pandemic\u00bb Significado de la obra: El venado simboliza la conexi\u00f3n con la naturaleza y el mundo espiritual. Su gracia y agilidad reflejan [&hellip;]<\/p>\n","protected":false},"featured_media":777,"comment_status":"open","ping_status":"closed","template":"","meta":{"_et_pb_use_builder":"","_et_pb_old_content":"","_et_gb_content_width":""},"product_brand":[],"product_cat":[17],"product_tag":[],"class_list":{"0":"post-859","1":"product","2":"type-product","3":"status-publish","4":"has-post-thumbnail","6":"product_cat-17","8":"first","9":"instock","10":"shipping-taxable","11":"product-type-simple"},"_links":{"self":[{"href":"https:\/\/lacuernadelciervo.com.mx\/index.php\/wp-json\/wp\/v2\/product\/859","targetHints":{"allow":["GET"]}}],"collection":[{"href":"https:\/\/lacuernadelciervo.com.mx\/index.php\/wp-json\/wp\/v2\/product"}],"about":[{"href":"https:\/\/lacuernadelciervo.com.mx\/index.php\/wp-json\/wp\/v2\/types\/product"}],"replies":[{"embeddable":true,"href":"https:\/\/lacuernadelciervo.com.mx\/index.php\/wp-json\/wp\/v2\/comments?post=859"}],"wp:featuredmedia":[{"embeddable":true,"href":"https:\/\/lacuernadelciervo.com.mx\/index.php\/wp-json\/wp\/v2\/media\/777"}],"wp:attachment":[{"href":"https:\/\/lacuernadelciervo.com.mx\/index.php\/wp-json\/wp\/v2\/media?parent=859"}],"wp:term":[{"taxonomy":"product_brand","embeddable":true,"href":"https:\/\/lacuernadelciervo.com.mx\/index.php\/wp-json\/wp\/v2\/product_brand?post=859"},{"taxonomy":"product_cat","embeddable":true,"href":"https:\/\/lacuernadelciervo.com.mx\/index.php\/wp-json\/wp\/v2\/product_cat?post=859"},{"taxonomy":"product_tag","embeddable":true,"href":"https:\/\/lacuernadelciervo.com.mx\/index.php\/wp-json\/wp\/v2\/product_tag?post=859"}],"curies":[{"name":"wp","href":"https:\/\/api.w.org\/{rel}","templated":true}]}}