{"id":860,"date":"2024-07-13T00:23:34","date_gmt":"2024-07-13T00:23:34","guid":{"rendered":"https:\/\/lacuernadelciervo.com.mx\/?post_type=product&#038;p=860"},"modified":"2024-07-15T23:07:10","modified_gmt":"2024-07-15T23:07:10","slug":"belleza-efimera","status":"publish","type":"product","link":"https:\/\/lacuernadelciervo.com.mx\/index.php\/producto\/belleza-efimera\/","title":{"rendered":"Belleza Ef\u00edmera"},"content":{"rendered":"<p>Cr\u00e1neo de venado<br \/>\nT\u00e9cnica: Mixta<br \/>\nMateriales: Blanqueado de hueso con naturaleza muerta<br \/>\nDimensiones: 35 x 45 x 60 cm<br \/>\nPeso: 700 g<br \/>\nFolio: LCA-001<br \/>\nA\u00f1o: 2020<br \/>\nColecci\u00f3n: \u00abLa Pureza de los Huesos\u00bb<br \/>\nSignificado de la obra: Belleza Ef\u00edmera fusiona la naturaleza con la muerte, simbolizando la belleza y fragilidad de la vida. Las flores representan la esperanza y emergen de la muerte, mostrando la diversidad y abundancia de la naturaleza.<br \/>\nParticipaci\u00f3n en:<br \/>\n2021 y 2022 Feria de Arte \u00abNoreste Art Fair\u00bb Akadem, San Pedro Garza Garc\u00eda, Nuevo Le\u00f3n, M\u00e9xico<br \/>\nPieza \u00fanica<\/p>\n","protected":false},"excerpt":{"rendered":"<p>Cr\u00e1neo de venado T\u00e9cnica: Mixta Materiales: Blanqueado de hueso con naturaleza muerta Dimensiones: 35 x 45 x 60 cm Peso: 700 g Folio: LCA-001 A\u00f1o: 2020 Colecci\u00f3n: \u00abLa Pureza de los Huesos\u00bb Significado de la obra: Belleza Ef\u00edmera fusiona la naturaleza con la muerte, simbolizando la belleza y fragilidad de la vida. Las flores representan [&hellip;]<\/p>\n","protected":false},"featured_media":763,"comment_status":"open","ping_status":"closed","template":"","meta":{"_et_pb_use_builder":"","_et_pb_old_content":"","_et_gb_content_width":""},"product_brand":[],"product_cat":[17],"product_tag":[],"class_list":{"0":"post-860","1":"product","2":"type-product","3":"status-publish","4":"has-post-thumbnail","6":"product_cat-17","8":"first","9":"instock","10":"shipping-taxable","11":"product-type-simple"},"_links":{"self":[{"href":"https:\/\/lacuernadelciervo.com.mx\/index.php\/wp-json\/wp\/v2\/product\/860","targetHints":{"allow":["GET"]}}],"collection":[{"href":"https:\/\/lacuernadelciervo.com.mx\/index.php\/wp-json\/wp\/v2\/product"}],"about":[{"href":"https:\/\/lacuernadelciervo.com.mx\/index.php\/wp-json\/wp\/v2\/types\/product"}],"replies":[{"embeddable":true,"href":"https:\/\/lacuernadelciervo.com.mx\/index.php\/wp-json\/wp\/v2\/comments?post=860"}],"wp:featuredmedia":[{"embeddable":true,"href":"https:\/\/lacuernadelciervo.com.mx\/index.php\/wp-json\/wp\/v2\/media\/763"}],"wp:attachment":[{"href":"https:\/\/lacuernadelciervo.com.mx\/index.php\/wp-json\/wp\/v2\/media?parent=860"}],"wp:term":[{"taxonomy":"product_brand","embeddable":true,"href":"https:\/\/lacuernadelciervo.com.mx\/index.php\/wp-json\/wp\/v2\/product_brand?post=860"},{"taxonomy":"product_cat","embeddable":true,"href":"https:\/\/lacuernadelciervo.com.mx\/index.php\/wp-json\/wp\/v2\/product_cat?post=860"},{"taxonomy":"product_tag","embeddable":true,"href":"https:\/\/lacuernadelciervo.com.mx\/index.php\/wp-json\/wp\/v2\/product_tag?post=860"}],"curies":[{"name":"wp","href":"https:\/\/api.w.org\/{rel}","templated":true}]}}